{"id":455,"date":"2020-02-14T07:05:22","date_gmt":"2020-02-14T07:05:22","guid":{"rendered":"https:\/\/sys-stem.eu\/sobre-nosotros\/"},"modified":"2022-07-03T19:38:18","modified_gmt":"2022-07-03T18:38:18","slug":"sobre-nosotros","status":"publish","type":"page","link":"https:\/\/sys-stem.eu\/es\/sobre-nosotros\/","title":{"rendered":"Sobre nosotros"},"content":{"rendered":"\n<p>SYS-STEM es un proyecto formado por cinco organizaciones de cuatro pa\u00edses diferentes c\u00f3mo Espa\u00f1a, Portugal, Croacia y Grecia. Sus acciones y resultados apoyan a colegios de educaci\u00f3n secundaria y al profesorado para desarrollar y aplicar ambiciosamente la educaci\u00f3n STEM con el fin de hacer que \u00e9sta sea m\u00e1s accesible para todos\/as.<\/p>\n\n\n\n<p>Los\/as socios\/as del proyecto han desarrollado <strong><em><a href=\"https:\/\/sys-stem.eu\/es\/methodology\/\">la Metodolog\u00eda SYS-STEM<\/a><\/em><\/strong>, la cual ha sido dise\u00f1ada para despertar la curiosidad y el inter\u00e9s del alumnado de secundaria en STEM y electr\u00f3nica. El objetivo es guiar a los\/as estudiantes para que opten a futuras carreras de eso \u00e1mbitos.<\/p>\n\n\n\n<p>La <em>Metodologia<\/em> incluye un paquete completo de materiales did\u00e1cticos en electr\u00f3nica b\u00e1sica y STEM mediante el uso de <strong>Arduino<\/strong>. Dichos materiales did\u00e1cticos constan de presentaciones, teor\u00eda, ejercicios, simulaciones, y videos dise\u00f1ados para entregar a estudiantes de diferentes edades y niveles de competencia. <\/p>\n\n\n\n<p>Los y las usuarios\/as est\u00e1n tambi\u00e9n invitados\/as a probar sus conocimientos y pr\u00e1ctica en el sistema STEM a trav\u00e9s de 4 <strong><em>ArdLABs<\/em><\/strong> (Laboratorios de Arduino) bien equipados a remoto y que han sido desarrollados por los socios. Pueden ser reservados y conocetados a trav\u00e9s de SYS-STEM <strong><em><a href=\"https:\/\/sys-stem.eu\/es\/ardlab-hub\/\">ArdLAB Hub<\/a><\/em><\/strong>. \u00c9sta es una plataforma online que coordina y administra las reservas y las conexiones en remoto de los ArdLABs.<\/p>\n\n\n\n<p>ArdLAB Hub no est\u00e1 dise\u00f1ado \u00fanicamente para ser usado en remoto desde los 4 Laboratorios de Arduino desarrollados por los socios. Para aquellos colegios que deseen desarrollar sus propios Laboratorios de Arduino y hacerlos accesibles al mundo (deber\u00edan tener el deseo de compartir sus facilidades con otros colegios y estudiantes), los\/as socios\/as de SYS-STEM han desarrollado adicionalmente una <strong><em><a href=\"https:\/\/sys-stem.eu\/wp-content\/uploads\/2022\/07\/SYS-STEM-ArdLab-Setup-Final-ES.pdf\" target=\"_blank\" rel=\"noreferrer noopener\">Gu\u00eda de ArdLAB<\/a><\/em><\/strong> para facilitar el proceso de desarrollo y registro de nuevos laboratorios potenciales para el ArdLAB Hub.<\/p>\n","protected":false},"excerpt":{"rendered":"<p>SYS-STEM es un proyecto formado por cinco organizaciones de cuatro pa\u00edses diferentes c\u00f3mo Espa\u00f1a, Portugal, Croacia y Grecia. Sus acciones y resultados apoyan a colegios de educaci\u00f3n secundaria y al profesorado para desarrollar y aplicar ambiciosamente la educaci\u00f3n STEM con el fin de hacer que \u00e9sta sea m\u00e1s accesible para todos\/as. Los\/as socios\/as del proyecto [&hellip;]<\/p>\n","protected":false},"author":1,"featured_media":0,"parent":0,"menu_order":0,"comment_status":"closed","ping_status":"closed","template":"","meta":[],"_links":{"self":[{"href":"https:\/\/sys-stem.eu\/es\/wp-json\/wp\/v2\/pages\/455"}],"collection":[{"href":"https:\/\/sys-stem.eu\/es\/wp-json\/wp\/v2\/pages"}],"about":[{"href":"https:\/\/sys-stem.eu\/es\/wp-json\/wp\/v2\/types\/page"}],"author":[{"embeddable":true,"href":"https:\/\/sys-stem.eu\/es\/wp-json\/wp\/v2\/users\/1"}],"replies":[{"embeddable":true,"href":"https:\/\/sys-stem.eu\/es\/wp-json\/wp\/v2\/comments?post=455"}],"version-history":[{"count":7,"href":"https:\/\/sys-stem.eu\/es\/wp-json\/wp\/v2\/pages\/455\/revisions"}],"predecessor-version":[{"id":719,"href":"https:\/\/sys-stem.eu\/es\/wp-json\/wp\/v2\/pages\/455\/revisions\/719"}],"wp:attachment":[{"href":"https:\/\/sys-stem.eu\/es\/wp-json\/wp\/v2\/media?parent=455"}],"curies":[{"name":"wp","href":"https:\/\/api.w.org\/{rel}","templated":true}]}}