{"id":469,"date":"2020-02-14T13:01:10","date_gmt":"2020-02-14T13:01:10","guid":{"rendered":"https:\/\/sys-stem.eu\/ardlab-hub\/"},"modified":"2022-07-03T19:40:34","modified_gmt":"2022-07-03T18:40:34","slug":"ardlab-hub","status":"publish","type":"page","link":"https:\/\/sys-stem.eu\/es\/ardlab-hub\/","title":{"rendered":"Centro ArdLAB"},"content":{"rendered":"\n<p>Los\/as socios\/as del proyecto SYS-STEM han creado 4 <em><strong>laboratorios remotos de Arduino (ArdLABs)<\/strong><\/em> que no son s\u00f3lo para sus estudiantes, sino que para estudiantes de cualquier parte del mundo tambi\u00e9n. Estos laboratorios permiten el acceso remoto y una variedad de experimentos STEM, sin la necesidad de tener un equipo Arduino disponible. Los colegios, profesores y estudiantes est\u00e1n invitados a unirse y utilizar estos ArdLABs a trav\u00e9s del <em><strong>ArdLAB Hub<\/strong>.<\/em>  <\/p>\n\n\n\n<div style=\"height:47px\" aria-hidden=\"true\" class=\"wp-block-spacer\"><\/div>\n\n\n\n<p>ArdLAB hub es una aplicaci\u00f3n online que centraliza y organiza las reservas de franjas horarias de los ArdLABs (Laboratorios Arduino) conectados. Para acceder a sus funciones, el usuario o la usuaria s\u00f3lo tiene que registrarse. A trav\u00e9s de una interfaz de f\u00e1cil acceso, los\/as usuarios\/as pueden elegir el d\u00eda y la hora que deseen para utilizar un ArdLAB remoto.  <\/p>\n\n\n\n<div style=\"height:47px\" aria-hidden=\"true\" class=\"wp-block-spacer\"><\/div>\n\n\n\n<p>La plataforma automatizada comprueba los ArdLABs disponibles para esa fecha\/hora y presenta los laboratorios disponibles. Los usuarios s\u00f3lo tienen que hacer clic en \u00abreservar\u00bb y conectarse a ese ArdLAB a trav\u00e9s del hub en el d\u00eda\/hora acordado. En caso de que todos los ArdLABs de SYS-STEM est\u00e9n ocupados en un momento determinado, se mostrar\u00e1n claramente las horas anteriores o siguientes disponibles.   <\/p>\n\n\n\n<div class=\"wp-block-image\"><figure class=\"aligncenter size-large is-resized\"><a href=\"https:\/\/sys-stem.dei.isep.ipp.pt\" target=\"_blank\" rel=\"noreferrer noopener\"><img loading=\"lazy\" src=\"https:\/\/sys-stem.eu\/wp-content\/uploads\/2021\/03\/ard-lab_logo-1-1024x474.png\" alt=\"\" class=\"wp-image-296\" width=\"487\" height=\"225\" srcset=\"https:\/\/sys-stem.eu\/wp-content\/uploads\/2021\/03\/ard-lab_logo-1-1024x474.png 1024w, https:\/\/sys-stem.eu\/wp-content\/uploads\/2021\/03\/ard-lab_logo-1-300x139.png 300w, https:\/\/sys-stem.eu\/wp-content\/uploads\/2021\/03\/ard-lab_logo-1-768x355.png 768w, https:\/\/sys-stem.eu\/wp-content\/uploads\/2021\/03\/ard-lab_logo-1-1200x555.png 1200w, https:\/\/sys-stem.eu\/wp-content\/uploads\/2021\/03\/ard-lab_logo-1.png 1223w\" sizes=\"(max-width: 487px) 100vw, 487px\" \/><\/a><figcaption>Haga clic en el logotipo para visitar el ArdLAB Hub <\/figcaption><\/figure><\/div>\n\n\n\n<div style=\"height:47px\" aria-hidden=\"true\" class=\"wp-block-spacer\"><\/div>\n\n\n\n<p>ArdLAB Hub no est\u00e1 dise\u00f1ado \u00fanicamente para ser usado en remoto desde los 4 Laboratorios de Arduino desarrollados por los socios. Para aquellos colegios que deseen desarrollar sus propios Laboratorios de Arduino y hacerlos accesibles al mundo (deber\u00edan tener el deseo de compartir sus facilidades con otros colegios y estudiantes), los\/as socios\/as de SYS-STEM han desarrollado adicionalmente  <strong><em><a href=\"https:\/\/sys-stem.eu\/wp-content\/uploads\/2022\/07\/SYS-STEM-ArdLab-Setup-Final-ES.pdf\" target=\"_blank\" rel=\"noreferrer noopener\">una Gu\u00eda de ArdLAB<\/a><\/em><\/strong> para facilitar el proceso de desarrollo y registro de nuevos laboratorios potenciales para el ArdLAB Hub.<\/p>\n","protected":false},"excerpt":{"rendered":"<p>Los\/as socios\/as del proyecto SYS-STEM han creado 4 laboratorios remotos de Arduino (ArdLABs) que no son s\u00f3lo para sus estudiantes, sino que para estudiantes de cualquier parte del mundo tambi\u00e9n. Estos laboratorios permiten el acceso remoto y una variedad de experimentos STEM, sin la necesidad de tener un equipo Arduino disponible. Los colegios, profesores y [&hellip;]<\/p>\n","protected":false},"author":1,"featured_media":0,"parent":0,"menu_order":0,"comment_status":"closed","ping_status":"closed","template":"","meta":[],"_links":{"self":[{"href":"https:\/\/sys-stem.eu\/es\/wp-json\/wp\/v2\/pages\/469"}],"collection":[{"href":"https:\/\/sys-stem.eu\/es\/wp-json\/wp\/v2\/pages"}],"about":[{"href":"https:\/\/sys-stem.eu\/es\/wp-json\/wp\/v2\/types\/page"}],"author":[{"embeddable":true,"href":"https:\/\/sys-stem.eu\/es\/wp-json\/wp\/v2\/users\/1"}],"replies":[{"embeddable":true,"href":"https:\/\/sys-stem.eu\/es\/wp-json\/wp\/v2\/comments?post=469"}],"version-history":[{"count":6,"href":"https:\/\/sys-stem.eu\/es\/wp-json\/wp\/v2\/pages\/469\/revisions"}],"predecessor-version":[{"id":721,"href":"https:\/\/sys-stem.eu\/es\/wp-json\/wp\/v2\/pages\/469\/revisions\/721"}],"wp:attachment":[{"href":"https:\/\/sys-stem.eu\/es\/wp-json\/wp\/v2\/media?parent=469"}],"curies":[{"name":"wp","href":"https:\/\/api.w.org\/{rel}","templated":true}]}}