{"id":472,"date":"2020-02-14T12:54:45","date_gmt":"2020-02-14T12:54:45","guid":{"rendered":"https:\/\/sys-stem.eu\/methodology\/"},"modified":"2022-06-27T09:50:02","modified_gmt":"2022-06-27T08:50:02","slug":"methodology","status":"publish","type":"page","link":"https:\/\/sys-stem.eu\/es\/methodology\/","title":{"rendered":"Metodolog\u00eda"},"content":{"rendered":"\n<p>La metodolog\u00eda SYS-STEM Arduino para colegios cuenta con un paquete de materiales espec\u00edficos as\u00ed c\u00f3mo proyectos para el alumnado de entre 14 a 18 a\u00f1os sobre Arduino, el cual incluye un programa estructurado paso por paso sobre electr\u00f3nica y desarrollo de programaci\u00f3n empleado Arduino. <\/p>\n\n\n\n<p>Cada m\u00f3dulo incluye todas las herramientas y directrices de planificaci\u00f3n did\u00e1ctica necesarias: los resultados de aprendizaje que se alcanzar\u00e1n, conjuntos completos de materiales y ejemplos, simulaciones, ejercicios de muestra en Arduino para los\/as estudiantes, as\u00ed como las soluciones. <\/p>\n\n\n\n<div style=\"height:47px\" aria-hidden=\"true\" class=\"wp-block-spacer\"><\/div>\n\n\n\n<h2>DESCARGAR<\/h2>\n\n\n\n<ul><li><a href=\"https:\/\/sys-stem.eu\/wp-content\/uploads\/2022\/06\/SYS-STEM - Module 01 - Introduction_to_STEM_and_SYS_STEM_approach_es.ppsx\">SYS-STEM &#8211; M\u00f3dulo 01 &#8211; Introducci\u00f3n a STEM y SYS-STEM efonque<\/a><\/li><li><a href=\"https:\/\/sys-stem.eu\/wp-content\/uploads\/2022\/06\/SYS-STEM - Module 02 - Arduino Basics and basic devices_es.ppsx\">SYS-STEM &#8211; M\u00f3dulo 02 &#8211; Arduino Basics and basic devices<\/a><\/li><li><a href=\"https:\/\/sys-stem.eu\/wp-content\/uploads\/2022\/06\/SYS-STEM - Module 03 - Digital inputs outputs and interruptions_Analog signals_es.ppsx\">SYS-STEM &#8211; M\u00f3dulo 03 &#8211; Entradas y salidas digitales y interrup<\/a><\/li><li><a href=\"https:\/\/sys-stem.eu\/wp-content\/uploads\/2022\/06\/SYS-STEM - Module 04 - First programs_es.ppsx\">SYS-STEM &#8211; M\u00f3dulo 04 &#8211; Primeros programas<\/a><\/li><li><a href=\"https:\/\/sys-stem.eu\/wp-content\/uploads\/2022\/06\/SYS-STEM - Module 05 - Variables and Expressions_es.ppsx\">SYS-STEM &#8211; M\u00f3dulo 05 &#8211; Variables y Expresiones<\/a><\/li><li><a href=\"https:\/\/sys-stem.eu\/wp-content\/uploads\/2022\/06\/SYS-STEM - Module 06 - Decision making and control functions_es.ppsx\">SYS-STEM &#8211; M\u00f3dulo 06 &#8211; Toma de decisi\u00f3n y control de funciones<\/a><\/li><li><a href=\"https:\/\/sys-stem.eu\/wp-content\/uploads\/2022\/06\/SYS-STEM - Module 07 - LCD_final_es.ppsx\">SYS-STEM &#8211; M\u00f3dulo 07 &#8211; LCD<\/a><\/li><li><a href=\"https:\/\/sys-stem.eu\/wp-content\/uploads\/2022\/06\/SYS-STEM - Module 08 - Sensors_es.ppsx\">SYS-STEM &#8211; M\u00f3dulo 08 &#8211; Sensores<\/a><\/li><li><a href=\"https:\/\/sys-stem.eu\/wp-content\/uploads\/2022\/06\/SYS-STEM - Module 09 - Servo_and_DC_Motors_es_es.ppsx\">SYS-STEM &#8211; M\u00f3dulo 09 &#8211; Servo y DC Motores<\/a><\/li><li><a href=\"https:\/\/sys-stem.eu\/wp-content\/uploads\/2022\/06\/SYS-STEM - Module 10 - Real World Examples_es.ppsx\">SYS-STEM &#8211; M\u00f3dulo 10 &#8211; Ejemplos Vida Real<\/a><\/li><\/ul>\n\n\n\n<div style=\"height:47px\" aria-hidden=\"true\" class=\"wp-block-spacer\"><\/div>\n\n\n\n<p>Para poner a prueba sus conocimientos, las escuelas y los usuarios siempre pueden conectarse al SYS-STEM <a href=\"https:\/\/sys-stem.eu\/es\/ardlab-hub\/\">ARdLAB Hub <\/a>para reservar un espacio de tiempo de ArdLAB y poner en pr\u00e1ctica la programaci\u00f3n y la creaci\u00f3n de prototipos en los laboratorios reales de Arduino, situados en las organizaciones y centros asociados. <\/p>\n\n\n\n<div style=\"height:47px\" aria-hidden=\"true\" class=\"wp-block-spacer\"><\/div>\n\n\n\n<div style=\"height:47px\" aria-hidden=\"true\" class=\"wp-block-spacer\"><\/div>\n","protected":false},"excerpt":{"rendered":"<p>La metodolog\u00eda SYS-STEM Arduino para colegios cuenta con un paquete de materiales espec\u00edficos as\u00ed c\u00f3mo proyectos para el alumnado de entre 14 a 18 a\u00f1os sobre Arduino, el cual incluye un programa estructurado paso por paso sobre electr\u00f3nica y desarrollo de programaci\u00f3n empleado Arduino. Cada m\u00f3dulo incluye todas las herramientas y directrices de planificaci\u00f3n did\u00e1ctica [&hellip;]<\/p>\n","protected":false},"author":1,"featured_media":0,"parent":0,"menu_order":0,"comment_status":"closed","ping_status":"closed","template":"","meta":[],"_links":{"self":[{"href":"https:\/\/sys-stem.eu\/es\/wp-json\/wp\/v2\/pages\/472"}],"collection":[{"href":"https:\/\/sys-stem.eu\/es\/wp-json\/wp\/v2\/pages"}],"about":[{"href":"https:\/\/sys-stem.eu\/es\/wp-json\/wp\/v2\/types\/page"}],"author":[{"embeddable":true,"href":"https:\/\/sys-stem.eu\/es\/wp-json\/wp\/v2\/users\/1"}],"replies":[{"embeddable":true,"href":"https:\/\/sys-stem.eu\/es\/wp-json\/wp\/v2\/comments?post=472"}],"version-history":[{"count":12,"href":"https:\/\/sys-stem.eu\/es\/wp-json\/wp\/v2\/pages\/472\/revisions"}],"predecessor-version":[{"id":664,"href":"https:\/\/sys-stem.eu\/es\/wp-json\/wp\/v2\/pages\/472\/revisions\/664"}],"wp:attachment":[{"href":"https:\/\/sys-stem.eu\/es\/wp-json\/wp\/v2\/media?parent=472"}],"curies":[{"name":"wp","href":"https:\/\/api.w.org\/{rel}","templated":true}]}}