{"id":486,"date":"2020-02-14T07:05:22","date_gmt":"2020-02-14T07:05:22","guid":{"rendered":"https:\/\/sys-stem.eu\/bienvenido-a-a-sys-stem\/"},"modified":"2022-06-26T16:40:24","modified_gmt":"2022-06-26T15:40:24","slug":"bienvenido-a-a-sys-stem","status":"publish","type":"page","link":"https:\/\/sys-stem.eu\/es\/","title":{"rendered":"Bienvenido\/a a SYS-STEM"},"content":{"rendered":"\n<p class=\"has-normal-font-size\">El programa Arduino SYS-STEM for Schools tiene como objetivo proporcionar a el profesorado de alumnos\/as de 14 a 18 a\u00f1os, una serie de materiales did\u00e1cticos de calidad y listos para usar en electr\u00f3nica, tecnolog\u00eda digital y STEM con los que realizar\u00e1n proyectos \u00abpr\u00e1cticos\u00bb en Arduino mediante el acceso a ArdLABs compartidos en remoto.<\/p>\n\n<div class=\"wp-block-columns alignwide\">\n<div class=\"wp-block-column\">\n<div class=\"wp-container-1 wp-block-group\"><div class=\"wp-block-group__inner-container\">\n<div class=\"wp-block-image\"><figure class=\"aligncenter size-large\"><a href=\"http:\/\/sys-stem.eu\/?page_id=7\"><img loading=\"lazy\" width=\"256\" height=\"256\" src=\"https:\/\/sys-stem.eu\/wp-content\/uploads\/2020\/02\/info-256.png\" alt=\"\" class=\"wp-image-244\" srcset=\"https:\/\/sys-stem.eu\/wp-content\/uploads\/2020\/02\/info-256.png 256w, https:\/\/sys-stem.eu\/wp-content\/uploads\/2020\/02\/info-256-150x150.png 150w\" sizes=\"(max-width: 256px) 100vw, 256px\" \/><\/a><\/figure><\/div>\n\n\n\n<h3><a href=\"https:\/\/sys-stem.eu\/es\/sobre-nosotros\/\">M\u00e1s informaci\u00f3n sobre el proyecto<\/a><\/h3>\n\n\n\n<p>Descubre en qu\u00e9 consiste SYS-STEM, as\u00ed c\u00f3mo sus objetivos y grupos destinatarios.<\/p>\n<\/div><\/div>\n\n\n\n<div class=\"wp-container-2 wp-block-group\"><div class=\"wp-block-group__inner-container\">\n<div class=\"wp-block-image\"><figure class=\"aligncenter size-large\"><a href=\"http:\/\/sys-stem.eu\/?page_id=50\"><img loading=\"lazy\" width=\"256\" height=\"256\" src=\"https:\/\/sys-stem.eu\/wp-content\/uploads\/2020\/02\/planner-256.png\" alt=\"\" class=\"wp-image-252\" srcset=\"https:\/\/sys-stem.eu\/wp-content\/uploads\/2020\/02\/planner-256.png 256w, https:\/\/sys-stem.eu\/wp-content\/uploads\/2020\/02\/planner-256-150x150.png 150w\" sizes=\"(max-width: 256px) 100vw, 256px\" \/><\/a><\/figure><\/div>\n\n\n\n<h3><a href=\"https:\/\/sys-stem.eu\/es\/ardlab-hub\/\"> SYS-STEM ArdLAB Hub <\/a><\/h3>\n\n\n\n<p>Una aplicaci\u00f3n en l\u00ednea que centraliza y organiza las reservas de franjas horarias para los ArdLABs de los socios del proyecto (y futuros participantes). <\/p>\n<\/div><\/div>\n<\/div>\n\n\n\n<div class=\"wp-block-column\">\n<div class=\"wp-container-3 wp-block-group\"><div class=\"wp-block-group__inner-container\">\n<div class=\"wp-block-image\"><figure class=\"aligncenter size-large\"><a href=\"http:\/\/sys-stem.eu\/?page_id=46\"><img loading=\"lazy\" width=\"256\" height=\"256\" src=\"https:\/\/sys-stem.eu\/wp-content\/uploads\/2020\/02\/services-256.png\" alt=\"\" class=\"wp-image-248\" srcset=\"https:\/\/sys-stem.eu\/wp-content\/uploads\/2020\/02\/services-256.png 256w, https:\/\/sys-stem.eu\/wp-content\/uploads\/2020\/02\/services-256-150x150.png 150w\" sizes=\"(max-width: 256px) 100vw, 256px\" \/><\/a><\/figure><\/div>\n\n\n\n<h3><a href=\"https:\/\/sys-stem.eu\/es\/methodology\/\"> Metodolog\u00eda SYS-STEM <\/a><\/h3>\n\n\n\n<p>Un paquete de materiales espec\u00edficos y proyectos para el profesorado y el alumnado de entre 14-18 a\u00f1os en Arduino. <\/p>\n<\/div><\/div>\n\n\n\n<div class=\"wp-container-4 wp-block-group\"><div class=\"wp-block-group__inner-container\">\n<div class=\"wp-block-image\"><figure class=\"aligncenter size-large\"><a href=\"http:\/\/sys-stem.eu\/?page_id=35\"><img loading=\"lazy\" width=\"256\" height=\"256\" src=\"https:\/\/sys-stem.eu\/wp-content\/uploads\/2020\/02\/group-256.png\" alt=\"\" class=\"wp-image-256\" srcset=\"https:\/\/sys-stem.eu\/wp-content\/uploads\/2020\/02\/group-256.png 256w, https:\/\/sys-stem.eu\/wp-content\/uploads\/2020\/02\/group-256-150x150.png 150w\" sizes=\"(max-width: 256px) 100vw, 256px\" \/><\/a><\/figure><\/div>\n\n\n\n<h3><a href=\"https:\/\/sys-stem.eu\/es\/socios\/\">Socios<\/a><\/h3>\n\n\n\n<p>Conozca a las organizaciones que se encuentran detr\u00e1s del proyecto.<\/p>\n<\/div><\/div>\n<\/div>\n<\/div>\n\n<p><\/p>\n","protected":false},"excerpt":{"rendered":"<p>El programa Arduino SYS-STEM for Schools tiene como objetivo proporcionar a el profesorado de alumnos\/as de 14 a 18 a\u00f1os, una serie de materiales did\u00e1cticos de calidad y listos para usar en electr\u00f3nica, tecnolog\u00eda digital y STEM con los que realizar\u00e1n proyectos \u00abpr\u00e1cticos\u00bb en Arduino mediante el acceso a ArdLABs compartidos en remoto. M\u00e1s informaci\u00f3n [&hellip;]<\/p>\n","protected":false},"author":1,"featured_media":0,"parent":0,"menu_order":0,"comment_status":"closed","ping_status":"closed","template":"","meta":[],"_links":{"self":[{"href":"https:\/\/sys-stem.eu\/es\/wp-json\/wp\/v2\/pages\/486"}],"collection":[{"href":"https:\/\/sys-stem.eu\/es\/wp-json\/wp\/v2\/pages"}],"about":[{"href":"https:\/\/sys-stem.eu\/es\/wp-json\/wp\/v2\/types\/page"}],"author":[{"embeddable":true,"href":"https:\/\/sys-stem.eu\/es\/wp-json\/wp\/v2\/users\/1"}],"replies":[{"embeddable":true,"href":"https:\/\/sys-stem.eu\/es\/wp-json\/wp\/v2\/comments?post=486"}],"version-history":[{"count":5,"href":"https:\/\/sys-stem.eu\/es\/wp-json\/wp\/v2\/pages\/486\/revisions"}],"predecessor-version":[{"id":506,"href":"https:\/\/sys-stem.eu\/es\/wp-json\/wp\/v2\/pages\/486\/revisions\/506"}],"wp:attachment":[{"href":"https:\/\/sys-stem.eu\/es\/wp-json\/wp\/v2\/media?parent=486"}],"curies":[{"name":"wp","href":"https:\/\/api.w.org\/{rel}","templated":true}]}}