{"id":459,"date":"2020-02-14T07:05:22","date_gmt":"2020-02-14T07:05:22","guid":{"rendered":"https:\/\/sys-stem.eu\/about\/"},"modified":"2022-07-03T19:54:12","modified_gmt":"2022-07-03T18:54:12","slug":"about","status":"publish","type":"page","link":"https:\/\/sys-stem.eu\/hr\/about\/","title":{"rendered":"O projektu"},"content":{"rendered":"\n<p>Projekt kojeg provodi pet organizacija u \u010detiri dr\u017eave, Hrvatskoj, Gr\u010dkoj, \u0160panjolskoj i Portugalu, razvit \u0107e Metodologiju \u010diji cilj je pobuditi interes i anga\u017eirati vi\u0161e u\u010denika srednjih \u0161kola i studenata prvih godina studija za STEM (prirodne znanosti, informatika, in\u017eenjerstvo i matematika) podru\u010dje i elektroniku, te ih zainteresirati za budu\u0107e karijere u tim podru\u010djima.<\/p>\n\n\n\n<p>Projektni partneri razvili su <strong><em><a href=\"https:\/\/sys-stem.eu\/hr\/metodologija\/\">SYS-STEM metodologiju<\/a><\/em><\/strong>, osmi\u0161ljenu da zaintrigira i uklju\u010di u\u010denike srednje \u0161kole, u STEM i elektroniku. Cilj je usmjeriti studente na budu\u0107e karijere u tim podru\u010djima.<\/p>\n\n\n\n<p><em>Metodologija<\/em>uklju\u010duje atraktivno predstavljanje podru\u010dja STEM i elektronike danas i cjeloviti paket didakti\u010dkih materijala iz osnovne elektronike pomo\u0107u <strong>Arduino<\/strong> platforme, uklju\u010duju\u0107i vje\u017ebe i rje\u0161enja, te smjernice za prilagodbu razli\u010ditoj dobi i razini kompetencija u\u010denika i studenata.  <\/p>\n\n\n\n<p>Ovaj paket uklju\u010duje pozivnicu za prakti\u010dnu implementaciju vje\u017ebi i projekata uporabom 4 dobro opremljena udaljena <strong><em>ArdLABs<\/em><\/strong> aboratorija projektnih partnera koje je mogu\u0107e rezervirati i s njima se povezati putem SYS-STEM <strong><em><a href=\"https:\/\/sys-stem.eu\/hr\/ardlab-hub\/\">ArdLAB Hub<\/a><\/em><\/strong>, a online platforme koja koordinira i upravlja rezervacijama i povezivanjem na daljinu.<\/p>\n\n\n\n<p>Metodologija \u0107e tako\u0111er uklju\u010divati <strong><em><a href=\"https:\/\/sys-stem.eu\/wp-content\/uploads\/2022\/07\/SYS-STEM-ArdLab-Setup-Final-HR.pdf\" target=\"_blank\" rel=\"noreferrer noopener\">ArdLAB vodi\u010d za po\u010detnike<\/a><\/em><\/strong> za \u0161kole ili centre koji \u017eele pokrenuti vlastiti ArdLAB, a bit \u0107e osigurana i pomo\u0107 da se takav ArdLAB laboratorij u\u010dini dostupnim na daljinu ukoliko po\u017eele dijeliti svoje materijale s drugim \u0161kolama i registrirati svoj ArdLAB na SYS-STEM ArdLAB hub.  <\/p>\n","protected":false},"excerpt":{"rendered":"<p>Projekt kojeg provodi pet organizacija u \u010detiri dr\u017eave, Hrvatskoj, Gr\u010dkoj, \u0160panjolskoj i Portugalu, razvit \u0107e Metodologiju \u010diji cilj je pobuditi interes i anga\u017eirati vi\u0161e u\u010denika srednjih \u0161kola i studenata prvih godina studija za STEM (prirodne znanosti, informatika, in\u017eenjerstvo i matematika) podru\u010dje i elektroniku, te ih zainteresirati za budu\u0107e karijere u tim podru\u010djima. Projektni partneri razvili [&hellip;]<\/p>\n","protected":false},"author":1,"featured_media":0,"parent":0,"menu_order":0,"comment_status":"closed","ping_status":"closed","template":"","meta":[],"_links":{"self":[{"href":"https:\/\/sys-stem.eu\/hr\/wp-json\/wp\/v2\/pages\/459"}],"collection":[{"href":"https:\/\/sys-stem.eu\/hr\/wp-json\/wp\/v2\/pages"}],"about":[{"href":"https:\/\/sys-stem.eu\/hr\/wp-json\/wp\/v2\/types\/page"}],"author":[{"embeddable":true,"href":"https:\/\/sys-stem.eu\/hr\/wp-json\/wp\/v2\/users\/1"}],"replies":[{"embeddable":true,"href":"https:\/\/sys-stem.eu\/hr\/wp-json\/wp\/v2\/comments?post=459"}],"version-history":[{"count":5,"href":"https:\/\/sys-stem.eu\/hr\/wp-json\/wp\/v2\/pages\/459\/revisions"}],"predecessor-version":[{"id":729,"href":"https:\/\/sys-stem.eu\/hr\/wp-json\/wp\/v2\/pages\/459\/revisions\/729"}],"wp:attachment":[{"href":"https:\/\/sys-stem.eu\/hr\/wp-json\/wp\/v2\/media?parent=459"}],"curies":[{"name":"wp","href":"https:\/\/api.w.org\/{rel}","templated":true}]}}