{"id":466,"date":"2020-02-14T13:01:10","date_gmt":"2020-02-14T13:01:10","guid":{"rendered":"https:\/\/sys-stem.eu\/ardlab-hub\/"},"modified":"2022-07-03T19:54:56","modified_gmt":"2022-07-03T18:54:56","slug":"ardlab-hub","status":"publish","type":"page","link":"https:\/\/sys-stem.eu\/hr\/ardlab-hub\/","title":{"rendered":"ArdLAB Hub"},"content":{"rendered":"\n<p>SYS-STEM projektni partneri ve\u0107 su kreirali 4 <em><strong>Arduino laboratorije (ArdLABs)<\/strong><\/em> za svoje u\u010denike\/studente. Me\u0111utim, kroz SYS-STEM projekt, odlu\u010dili su u\u010diniti te laboratorije dostupnima cijelom svijetu, te istodobno pozvati \u0161kole da ih koriste na daljinu kroz <em><strong>ArdLAB Hub<\/strong>.<\/em>  <\/p>\n\n\n\n<div style=\"height:47px\" aria-hidden=\"true\" class=\"wp-block-spacer\"><\/div>\n\n\n\n<p>ArdLAB hub je online aplikacija koja centralizira i organizira rezervacije termina za ArdLAB laboratorije (Arduino laboratorije) projektnih partnera (i budu\u0107ih sudionika). Potrebna je samo registracija za pristup zna\u010dajkama SYS-STEM ArdLAB hub-a. Kroz vrlo pristupa\u010dno su\u010delje, korisnici mogu izabrati \u017eeljeni dan i vrijeme uporabe udaljenog ArdLAB laboratorija.  <\/p>\n\n\n\n<div style=\"height:47px\" aria-hidden=\"true\" class=\"wp-block-spacer\"><\/div>\n\n\n\n<p>Automatizirana platforma provjerava dostupne ArdLAB laboratorije za taj datum\/vrijeme i prikazuje dostupne laboratorije. Korisnik treba samo kliknuti na \u201erezerviraj\u201c i povezati se s tim ArdLAB laboratorijem putem hub-a na dogovoreni dan i u dogovoreno vrijeme. Ukoliko su svi SYS-STEM ArdLAB laboratoriji zauzeti u to odre\u0111eno vrijeme, bit \u0107e jasno prikazani prethodni i sljede\u0107i dostupni termini.   <\/p>\n\n\n\n<div class=\"wp-block-image\"><figure class=\"aligncenter size-large is-resized\"><a href=\"https:\/\/sys-stem.dei.isep.ipp.pt\" target=\"_blank\" rel=\"noreferrer noopener\"><img loading=\"lazy\" src=\"https:\/\/sys-stem.eu\/wp-content\/uploads\/2021\/03\/ard-lab_logo-1-1024x474.png\" alt=\"\" class=\"wp-image-293\" width=\"487\" height=\"225\" srcset=\"https:\/\/sys-stem.eu\/wp-content\/uploads\/2021\/03\/ard-lab_logo-1-1024x474.png 1024w, https:\/\/sys-stem.eu\/wp-content\/uploads\/2021\/03\/ard-lab_logo-1-300x139.png 300w, https:\/\/sys-stem.eu\/wp-content\/uploads\/2021\/03\/ard-lab_logo-1-768x355.png 768w, https:\/\/sys-stem.eu\/wp-content\/uploads\/2021\/03\/ard-lab_logo-1-1200x555.png 1200w, https:\/\/sys-stem.eu\/wp-content\/uploads\/2021\/03\/ard-lab_logo-1.png 1223w\" sizes=\"(max-width: 487px) 100vw, 487px\" \/><\/a><figcaption>Kliknite na logo da biste posjetili ArdLAB Hub <\/figcaption><\/figure><\/div>\n\n\n\n<div style=\"height:47px\" aria-hidden=\"true\" class=\"wp-block-spacer\"><\/div>\n\n\n\n<p>Metodologija \u0107e tako\u0111er uklju\u010divati <strong><em><a href=\"https:\/\/sys-stem.eu\/wp-content\/uploads\/2022\/07\/SYS-STEM-ArdLab-Setup-Final-HR.pdf\" target=\"_blank\" rel=\"noreferrer noopener\">ArdLAB vodi\u010d za po\u010detnike<\/a><\/em><\/strong> za \u0161kole ili centre koji \u017eele pokrenuti vlastiti ArdLAB, a bit \u0107e osigurana i pomo\u0107 da se takav ArdLAB laboratorij u\u010dini dostupnim na daljinu ukoliko po\u017eele dijeliti svoje materijale s drugim \u0161kolama i registrirati svoj ArdLAB na SYS-STEM ArdLAB hub. <\/p>\n","protected":false},"excerpt":{"rendered":"<p>SYS-STEM projektni partneri ve\u0107 su kreirali 4 Arduino laboratorije (ArdLABs) za svoje u\u010denike\/studente. Me\u0111utim, kroz SYS-STEM projekt, odlu\u010dili su u\u010diniti te laboratorije dostupnima cijelom svijetu, te istodobno pozvati \u0161kole da ih koriste na daljinu kroz ArdLAB Hub. ArdLAB hub je online aplikacija koja centralizira i organizira rezervacije termina za ArdLAB laboratorije (Arduino laboratorije) projektnih partnera [&hellip;]<\/p>\n","protected":false},"author":1,"featured_media":0,"parent":0,"menu_order":0,"comment_status":"closed","ping_status":"closed","template":"","meta":[],"_links":{"self":[{"href":"https:\/\/sys-stem.eu\/hr\/wp-json\/wp\/v2\/pages\/466"}],"collection":[{"href":"https:\/\/sys-stem.eu\/hr\/wp-json\/wp\/v2\/pages"}],"about":[{"href":"https:\/\/sys-stem.eu\/hr\/wp-json\/wp\/v2\/types\/page"}],"author":[{"embeddable":true,"href":"https:\/\/sys-stem.eu\/hr\/wp-json\/wp\/v2\/users\/1"}],"replies":[{"embeddable":true,"href":"https:\/\/sys-stem.eu\/hr\/wp-json\/wp\/v2\/comments?post=466"}],"version-history":[{"count":4,"href":"https:\/\/sys-stem.eu\/hr\/wp-json\/wp\/v2\/pages\/466\/revisions"}],"predecessor-version":[{"id":730,"href":"https:\/\/sys-stem.eu\/hr\/wp-json\/wp\/v2\/pages\/466\/revisions\/730"}],"wp:attachment":[{"href":"https:\/\/sys-stem.eu\/hr\/wp-json\/wp\/v2\/media?parent=466"}],"curies":[{"name":"wp","href":"https:\/\/api.w.org\/{rel}","templated":true}]}}