{"id":479,"date":"2020-02-14T12:54:45","date_gmt":"2020-02-14T12:54:45","guid":{"rendered":"https:\/\/sys-stem.eu\/metodologija\/"},"modified":"2022-06-28T18:46:16","modified_gmt":"2022-06-28T17:46:16","slug":"metodologija","status":"publish","type":"page","link":"https:\/\/sys-stem.eu\/hr\/metodologija\/","title":{"rendered":"Metodologija"},"content":{"rendered":"\n<p>Arduino SYS-STEM za \u0161kole Metodologija je paket specifi\u010dnih materijala i projekata za populaciju od 14 do 18 godina na Arduino platformi koji uklju\u010duje strukturirani \u201ekorak-po-korak\u201c program iz elektronike i razvoja ra\u010dunalnih programa uporabom Arduino platforme. <\/p>\n\n\n\n<p>Svaki Modul uklju\u010duje sve potrebne alate za didakti\u010dko planiranje i smjernice: ishode u\u010denja koji \u0107e biti postignuti, kompletne setove materijala i primjera, simulacije, primjere vje\u017ebi na Arduino platformi za u\u010denike\/studente, kao i rje\u0161enja. <\/p>\n\n\n\n<div style=\"height:47px\" aria-hidden=\"true\" class=\"wp-block-spacer\"><\/div>\n\n\n\n<h2>PREUZMI<\/h2>\n\n\n\n<ul><li><a rel=\"noreferrer noopener\" href=\"https:\/\/sys-stem.eu\/wp-content\/uploads\/2022\/06\/SYS-STEM - Module 01 - Introduction_to_STEM_and_SYS_STEM_approach_HR.ppsx\" target=\"_blank\">SYS-STEM &#8211; Modul 01 &#8211; Uvod u STEM i SYS-STEM pristup<\/a><\/li><li><a href=\"https:\/\/sys-stem.eu\/wp-content\/uploads\/2022\/06\/SYS-STEM - Module 02 - Arduino Basics and basic devices_HR.ppsx\">SYS-STEM &#8211; Modul 02 &#8211; Arduino Osnove i osnovni uredaji<\/a><\/li><li><a href=\"https:\/\/sys-stem.eu\/wp-content\/uploads\/2022\/06\/SYS-STEM - Module 03 - Digital inputs outputs and interruptions_Analog signals_HR.ppsx\">SYS-STEM &#8211; Modul 03 &#8211; Digitalni ulazi izlazi i prekidi &#8211; Analogni signali<\/a><\/li><li><a href=\"https:\/\/sys-stem.eu\/wp-content\/uploads\/2022\/06\/SYS-STEM - Module 04 - First programs_HR.ppsx\">SYS-STEM &#8211; Modul 04 &#8211; Prvi programi<\/a><\/li><li><a href=\"https:\/\/sys-stem.eu\/wp-content\/uploads\/2022\/06\/SYS-STEM - Module 05 - Variables and Expressions_HR.ppsx\">SYS-STEM &#8211; Modul 05 &#8211; Varijable i izrazi<\/a><\/li><li><a href=\"https:\/\/sys-stem.eu\/wp-content\/uploads\/2022\/06\/SYS-STEM - Module 06 - Decision making and control functions_HR.ppsx\">SYS-STEM &#8211; Modul 06 &#8211; Donosenje odluka i upravljacke funkcije<\/a><\/li><li><a href=\"https:\/\/sys-stem.eu\/wp-content\/uploads\/2022\/06\/SYS-STEM - Module 07 - LCD_final_HR.ppsx\">SYS-STEM &#8211; Modul 07 &#8211; LCD<\/a><\/li><li><a href=\"https:\/\/sys-stem.eu\/wp-content\/uploads\/2022\/06\/SYS-STEM - Module 08 - Sensors_HR.ppsx\">SYS-STEM &#8211; Modul 08 &#8211; Senzori<\/a><\/li><li><a href=\"https:\/\/sys-stem.eu\/wp-content\/uploads\/2022\/06\/SYS-STEM - Module 09 - Servo_and_DC_Motors_HR.ppsx\">SYS-STEM &#8211; Modul 09 &#8211; Servo i istosmjerni motori<\/a><\/li><li><a href=\"https:\/\/sys-stem.eu\/wp-content\/uploads\/2022\/06\/SYS-STEM - Module 10 - Real World Examples_HR.ppsx\" target=\"_blank\" rel=\"noreferrer noopener\">SYS-STEM &#8211; Modul 10 &#8211; Primjeri iz stvarnog svijeta<\/a><\/li><\/ul>\n\n\n\n<div style=\"height:47px\" aria-hidden=\"true\" class=\"wp-block-spacer\"><\/div>\n\n\n\n<p>Za dodatno testiranje vlastitog znanja, \u0161kole i korisnici mogu se uvijek povezati na SYS-STEM <a href=\"https:\/\/sys-stem.eu\/hr\/ardlab-hub\/\">ARdLAB Hub <\/a>i rezervirati ArdLAB termin, te obaviti programiranje i izraditi prototip u stvarnim Arduino laboratorijima koji se nalaze u partnerskim organizacijama. <\/p>\n\n\n\n<div style=\"height:47px\" aria-hidden=\"true\" class=\"wp-block-spacer\"><\/div>\n\n\n\n<div style=\"height:47px\" aria-hidden=\"true\" class=\"wp-block-spacer\"><\/div>\n","protected":false},"excerpt":{"rendered":"<p>Arduino SYS-STEM za \u0161kole Metodologija je paket specifi\u010dnih materijala i projekata za populaciju od 14 do 18 godina na Arduino platformi koji uklju\u010duje strukturirani \u201ekorak-po-korak\u201c program iz elektronike i razvoja ra\u010dunalnih programa uporabom Arduino platforme. Svaki Modul uklju\u010duje sve potrebne alate za didakti\u010dko planiranje i smjernice: ishode u\u010denja koji \u0107e biti postignuti, kompletne setove materijala [&hellip;]<\/p>\n","protected":false},"author":1,"featured_media":0,"parent":0,"menu_order":0,"comment_status":"closed","ping_status":"closed","template":"","meta":[],"_links":{"self":[{"href":"https:\/\/sys-stem.eu\/hr\/wp-json\/wp\/v2\/pages\/479"}],"collection":[{"href":"https:\/\/sys-stem.eu\/hr\/wp-json\/wp\/v2\/pages"}],"about":[{"href":"https:\/\/sys-stem.eu\/hr\/wp-json\/wp\/v2\/types\/page"}],"author":[{"embeddable":true,"href":"https:\/\/sys-stem.eu\/hr\/wp-json\/wp\/v2\/users\/1"}],"replies":[{"embeddable":true,"href":"https:\/\/sys-stem.eu\/hr\/wp-json\/wp\/v2\/comments?post=479"}],"version-history":[{"count":11,"href":"https:\/\/sys-stem.eu\/hr\/wp-json\/wp\/v2\/pages\/479\/revisions"}],"predecessor-version":[{"id":679,"href":"https:\/\/sys-stem.eu\/hr\/wp-json\/wp\/v2\/pages\/479\/revisions\/679"}],"wp:attachment":[{"href":"https:\/\/sys-stem.eu\/hr\/wp-json\/wp\/v2\/media?parent=479"}],"curies":[{"name":"wp","href":"https:\/\/api.w.org\/{rel}","templated":true}]}}