{"id":490,"date":"2020-02-14T07:05:22","date_gmt":"2020-02-14T07:05:22","guid":{"rendered":"https:\/\/sys-stem.eu\/dobro-dosli-u-sys-stem\/"},"modified":"2022-06-26T16:40:24","modified_gmt":"2022-06-26T15:40:24","slug":"dobro-dosli-u-sys-stem","status":"publish","type":"page","link":"https:\/\/sys-stem.eu\/hr\/","title":{"rendered":"Dobro do\u0161li u SYS-STEM"},"content":{"rendered":"\n<p class=\"has-normal-font-size\">Cilj projekta Arduino SYS-STEM za \u0161kole jest omogu\u0107iti nastavnicima i profesorima koji rade s populacijom od 14 do 18 godina otvoren pristup kvalitetnim didakti\u010dkim materijalima za podru\u010dje elektronike i digitalne tehnologije pomo\u0107u kojih \u0107e realizirati prakti\u010dne projekte na Arduino platformi kroz pristup dijeljenim udaljenim ArdLAB laboratorijima.<\/p>\n\n<div class=\"wp-block-columns alignwide\">\n<div class=\"wp-block-column\">\n<div class=\"wp-container-1 wp-block-group\"><div class=\"wp-block-group__inner-container\">\n<div class=\"wp-block-image\"><figure class=\"aligncenter size-large\"><a href=\"http:\/\/sys-stem.eu\/?page_id=7\"><img loading=\"lazy\" width=\"256\" height=\"256\" src=\"https:\/\/sys-stem.eu\/wp-content\/uploads\/2020\/02\/info-256.png\" alt=\"\" class=\"wp-image-241\" srcset=\"https:\/\/sys-stem.eu\/wp-content\/uploads\/2020\/02\/info-256.png 256w, https:\/\/sys-stem.eu\/wp-content\/uploads\/2020\/02\/info-256-150x150.png 150w\" sizes=\"(max-width: 256px) 100vw, 256px\" \/><\/a><\/figure><\/div>\n\n\n\n<h3><a href=\"https:\/\/sys-stem.eu\/hr\/about\/\">Saznajte vi\u0161e o Projektu<\/a><\/h3>\n\n\n\n<p>Saznajte \u0161to je to SYS-STEM, te koji su njegovi ciljevi i ciljane skupine.<\/p>\n<\/div><\/div>\n\n\n\n<div class=\"wp-container-2 wp-block-group\"><div class=\"wp-block-group__inner-container\">\n<div class=\"wp-block-image\"><figure class=\"aligncenter size-large\"><a href=\"http:\/\/sys-stem.eu\/?page_id=50\"><img loading=\"lazy\" width=\"256\" height=\"256\" src=\"https:\/\/sys-stem.eu\/wp-content\/uploads\/2020\/02\/planner-256.png\" alt=\"\" class=\"wp-image-249\" srcset=\"https:\/\/sys-stem.eu\/wp-content\/uploads\/2020\/02\/planner-256.png 256w, https:\/\/sys-stem.eu\/wp-content\/uploads\/2020\/02\/planner-256-150x150.png 150w\" sizes=\"(max-width: 256px) 100vw, 256px\" \/><\/a><\/figure><\/div>\n\n\n\n<h3><a href=\"https:\/\/sys-stem.eu\/hr\/ardlab-hub\/\"> SYS-STEM ArdLAB Hub <\/a><\/h3>\n\n\n\n<p>Online aplikacija koja centralizira i organizira rezervacije termina za ArdLAB laboratorije projektnih partnera (i budu\u0107ih sudionika). <\/p>\n<\/div><\/div>\n<\/div>\n\n\n\n<div class=\"wp-block-column\">\n<div class=\"wp-container-3 wp-block-group\"><div class=\"wp-block-group__inner-container\">\n<div class=\"wp-block-image\"><figure class=\"aligncenter size-large\"><a href=\"http:\/\/sys-stem.eu\/?page_id=46\"><img loading=\"lazy\" width=\"256\" height=\"256\" src=\"https:\/\/sys-stem.eu\/wp-content\/uploads\/2020\/02\/services-256.png\" alt=\"\" class=\"wp-image-245\" srcset=\"https:\/\/sys-stem.eu\/wp-content\/uploads\/2020\/02\/services-256.png 256w, https:\/\/sys-stem.eu\/wp-content\/uploads\/2020\/02\/services-256-150x150.png 150w\" sizes=\"(max-width: 256px) 100vw, 256px\" \/><\/a><\/figure><\/div>\n\n\n\n<h3><a href=\"https:\/\/sys-stem.eu\/hr\/metodologija\/\"> SYS-STEM metodologija <\/a><\/h3>\n\n\n\n<p>Paket specifi\u010dnih materijala i projekata za populaciju od 14 do 18 godina na Arduino platformi. <\/p>\n<\/div><\/div>\n\n\n\n<div class=\"wp-container-4 wp-block-group\"><div class=\"wp-block-group__inner-container\">\n<div class=\"wp-block-image\"><figure class=\"aligncenter size-large\"><a href=\"http:\/\/sys-stem.eu\/?page_id=35\"><img loading=\"lazy\" width=\"256\" height=\"256\" src=\"https:\/\/sys-stem.eu\/wp-content\/uploads\/2020\/02\/group-256.png\" alt=\"\" class=\"wp-image-253\" srcset=\"https:\/\/sys-stem.eu\/wp-content\/uploads\/2020\/02\/group-256.png 256w, https:\/\/sys-stem.eu\/wp-content\/uploads\/2020\/02\/group-256-150x150.png 150w\" sizes=\"(max-width: 256px) 100vw, 256px\" \/><\/a><\/figure><\/div>\n\n\n\n<h3><a href=\"https:\/\/sys-stem.eu\/hr\/partneri\/\">Partneri<\/a><\/h3>\n\n\n\n<p>Saznajte vi\u0161e o ustanovama iza projekta.<\/p>\n<\/div><\/div>\n<\/div>\n<\/div>\n\n<p><\/p>\n","protected":false},"excerpt":{"rendered":"<p>Cilj projekta Arduino SYS-STEM za \u0161kole jest omogu\u0107iti nastavnicima i profesorima koji rade s populacijom od 14 do 18 godina otvoren pristup kvalitetnim didakti\u010dkim materijalima za podru\u010dje elektronike i digitalne tehnologije pomo\u0107u kojih \u0107e realizirati prakti\u010dne projekte na Arduino platformi kroz pristup dijeljenim udaljenim ArdLAB laboratorijima. Saznajte vi\u0161e o Projektu Saznajte \u0161to je to SYS-STEM, [&hellip;]<\/p>\n","protected":false},"author":1,"featured_media":0,"parent":0,"menu_order":0,"comment_status":"closed","ping_status":"closed","template":"","meta":[],"_links":{"self":[{"href":"https:\/\/sys-stem.eu\/hr\/wp-json\/wp\/v2\/pages\/490"}],"collection":[{"href":"https:\/\/sys-stem.eu\/hr\/wp-json\/wp\/v2\/pages"}],"about":[{"href":"https:\/\/sys-stem.eu\/hr\/wp-json\/wp\/v2\/types\/page"}],"author":[{"embeddable":true,"href":"https:\/\/sys-stem.eu\/hr\/wp-json\/wp\/v2\/users\/1"}],"replies":[{"embeddable":true,"href":"https:\/\/sys-stem.eu\/hr\/wp-json\/wp\/v2\/comments?post=490"}],"version-history":[{"count":3,"href":"https:\/\/sys-stem.eu\/hr\/wp-json\/wp\/v2\/pages\/490\/revisions"}],"predecessor-version":[{"id":622,"href":"https:\/\/sys-stem.eu\/hr\/wp-json\/wp\/v2\/pages\/490\/revisions\/622"}],"wp:attachment":[{"href":"https:\/\/sys-stem.eu\/hr\/wp-json\/wp\/v2\/media?parent=490"}],"curies":[{"name":"wp","href":"https:\/\/api.w.org\/{rel}","templated":true}]}}