{"id":501,"date":"2020-02-14T12:23:54","date_gmt":"2020-02-14T12:23:54","guid":{"rendered":"https:\/\/sys-stem.eu\/partneri\/"},"modified":"2022-06-26T16:39:57","modified_gmt":"2022-06-26T15:39:57","slug":"partneri","status":"publish","type":"page","link":"https:\/\/sys-stem.eu\/hr\/partneri\/","title":{"rendered":"Partneri"},"content":{"rendered":"\n<div style=\"height:100px\" aria-hidden=\"true\" class=\"wp-block-spacer\"><\/div>\n\n<figure class=\"wp-block-image size-large is-resized\"><img loading=\"lazy\" src=\"http:\/\/dessaproject.eu\/wp-content\/uploads\/2020\/02\/logo_txorierri-1-1024x384.jpg\" alt=\"\" class=\"wp-image-147\" width=\"454\" height=\"169\"\/><\/figure>\n\n<h2>Politeknika Ikastergia Txorierri &#8211; \u0160panjolska<\/h2>\n\n<p class=\"has-normal-font-size\">Politeknika Ikastegia Txorierri (www.txorierri.net) je subvencionirana srednja \u0161kola za znanost i tehnologiju i strukovno obrazovanje i osposobljavanje (EQF (Europski kvalifikacijski okvir) razine 3 i 5) u Baskiji. Svake godine, \u0161kola osigura obrazovanje za vi\u0161e od 400 redovnih u\u010denika i vi\u0161e od 1000 odraslih izvanrednih polaznika s osobljem od 45 ljudi. <\/p>\n\n<p>Politeknika Ikastegia Txorierri usredoto\u010dena je na opslu\u017eivanje lokalne Industrije, te je posve\u0107ena integralnom i cjelo\u017eivotnom obrazovanju svojih u\u010denika. Centar promovira inovaciju u tehnolo\u0161kim i pedago\u0161kim projektima, a cilj joj je ponuditi kvalitetnu uslugu javnosti, zadovoljavaju\u0107i lokalne potrebe za osposobljavanjem mladih, lokalnih sveu\u010dili\u0161ta i ustanova.<\/p>\n\n<p>Web stranica: <a href=\"http:\/\/www.txorierri.net\/\">www.txorierri.net<\/a> <\/p>\n\n<p>Kontakt osoba: Anabel Menca<br\/><a rel=\"noreferrer noopener\" aria-label=\"amenica@txorierri.net (opens in a new tab)\" href=\"mailto:amenica@txorierri.net\" target=\"_blank\">amenica@txorierri.net<\/a><br\/>+34651705161<\/p>\n\n<div style=\"height:100px\" aria-hidden=\"true\" class=\"wp-block-spacer\"><\/div>\n\n<figure class=\"wp-block-image size-large is-resized\"><img loading=\"lazy\" src=\"https:\/\/sys-stem.eu\/wp-content\/uploads\/2020\/02\/download.png\" alt=\"\" class=\"wp-image-209\" width=\"439\" height=\"96\" srcset=\"https:\/\/sys-stem.eu\/wp-content\/uploads\/2020\/02\/download.png 480w, https:\/\/sys-stem.eu\/wp-content\/uploads\/2020\/02\/download-300x66.png 300w\" sizes=\"(max-width: 439px) 100vw, 439px\" \/><\/figure>\n\n<h2>Instituto Politecnico de Porto &#8211; Portugal<\/h2>\n\n<p class=\"has-normal-font-size\">Portugalsko Veleu\u010dili\u0161te (IPP) javna je visoko\u0161kolska ustanova osnovana 1985. godine. S vi\u0161e od 18500 studenata, IPP je najve\u0107e Veleu\u010dili\u0161te u Portugalu. IPP se isti\u010de svojom sposobno\u0161\u0107u preno\u0161enja znanja mladima koje je im je potrebno na tr\u017ei\u0161tu rada, te pru\u017eanjem doprinosa ekonomskom razvoju s visokim osje\u0107ajem za dru\u0161tvenu odgovornost.   <\/p>\n\n<p class=\"has-normal-font-size\">Ustanova se tako\u0111er isti\u010de svojom interdisciplinarno\u0161\u0107u sa 7 \u0161kola koji pokrivaju \u0161irok raspon znanstvenih spoznaja, od in\u017eenjeringa (IPP) do glazbe i likovnih umjetnosti (ESMAE), obrazovanja (ESE), ra\u010dunovodstva i administracije (ISCAP), upravljanja i industrijskih studija (ESEIG), upravljanja i tehnologije (ESTGF) i skupne zdravstvene tehnologije (ESTSP). <\/p>\n\n<p>Web stranica: <a href=\"https:\/\/www.ipp.pt\/\">https:\/\/www.ipp.pt\/<\/a><\/p>\n\n<p>Kontakt osoba: Nuno Escudeiro <br\/><a href=\"mailto:nfe@isep.ipp.pt\">nfe@isep.ipp.pt<\/a><br\/>  +351225020772<\/p>\n\n<div style=\"height:100px\" aria-hidden=\"true\" class=\"wp-block-spacer\"><\/div>\n\n<figure class=\"wp-block-image size-large is-resized\"><img loading=\"lazy\" src=\"https:\/\/sys-stem.eu\/wp-content\/uploads\/2021\/03\/red.png\" alt=\"\" class=\"wp-image-301\" width=\"140\" height=\"140\" srcset=\"https:\/\/sys-stem.eu\/wp-content\/uploads\/2021\/03\/red.png 867w, https:\/\/sys-stem.eu\/wp-content\/uploads\/2021\/03\/red-300x300.png 300w, https:\/\/sys-stem.eu\/wp-content\/uploads\/2021\/03\/red-150x150.png 150w, https:\/\/sys-stem.eu\/wp-content\/uploads\/2021\/03\/red-768x768.png 768w\" sizes=\"(max-width: 140px) 100vw, 140px\" \/><\/figure>\n\n<h2>HELLENIC MEDITERRANEAN UNIVERSITY &#8211; Gr\u010dka<\/h2>\n\n<p> Helensko mediteransko sveu\u010dili\u0161te (Hellenic Mediterranean University \u2013 HMU) na Kreti, Gr\u010dka, javno je sveu\u010dili\u0161te primijenjenih znanosti koje uklju\u010duje fakultete poljoprivredne tehnologije, primijenjenih znanosti, primijenjene tehnologije, zdravstva i socijalne skrbi i upravljanja i ekonomije, s 15 odjela u mjestima Heraklion, Chania, Rethymnon, Agios, Nikolaos, Ierapetra i Sitia.<\/p>\n\n<p>Broji vi\u0161e od 20.000 studenata, akademika i administratora, uklju\u010duju\u0107i uspje\u0161nu akademsku zajednicu kojoj podr\u0161ku pru\u017eaju dobro opremljena knji\u017enica, sportski kompleks, zdravstveni centar i moderni studentski domovi. HMU sveu\u010dili\u0161te zna\u010dajno je uklju\u010deno u istra\u017eiva\u010dke projekte, potpisalo je vi\u0161e od 110 bilateralnih ERASMUS ugovora s europskim sveu\u010dili\u0161tima i ima \u0161iroku mre\u017eu poslovnih i dru\u0161tvenih partnera diljem Svijeta.  <\/p>\n\n<p>Web stranica: <a href=\"https:\/\/hmu.gr\">https:\/\/hmu.gr<\/a> <\/p>\n\n<p>Kontakt osoba: George Papadourakis<br\/> <a href=\"mailto:papadour@hmu.gr\">papadour@hmu.gr<\/a><br\/>+302810379300  <\/p>\n\n<div style=\"height:100px\" aria-hidden=\"true\" class=\"wp-block-spacer\"><\/div>\n\n<figure class=\"wp-block-image size-large is-resized\"><img loading=\"lazy\" src=\"https:\/\/sys-stem.eu\/wp-content\/uploads\/2020\/02\/456123_325659760821971_883098554_o-1024x878.jpg\" alt=\"\" class=\"wp-image-265\" width=\"168\" height=\"144\" srcset=\"https:\/\/sys-stem.eu\/wp-content\/uploads\/2020\/02\/456123_325659760821971_883098554_o-1024x878.jpg 1024w, https:\/\/sys-stem.eu\/wp-content\/uploads\/2020\/02\/456123_325659760821971_883098554_o-300x257.jpg 300w, https:\/\/sys-stem.eu\/wp-content\/uploads\/2020\/02\/456123_325659760821971_883098554_o-768x658.jpg 768w, https:\/\/sys-stem.eu\/wp-content\/uploads\/2020\/02\/456123_325659760821971_883098554_o-1200x1028.jpg 1200w, https:\/\/sys-stem.eu\/wp-content\/uploads\/2020\/02\/456123_325659760821971_883098554_o.jpg 1210w\" sizes=\"(max-width: 168px) 100vw, 168px\" \/><\/figure>\n\n<h2>Elektrostrojarska \u0161kola \u2013 Hrvatska<\/h2>\n\n<p>Elektrostrojarska \u0161kola iz Vara\u017edina javna je srednja \u0161kola osnovana 1958. godine. \u0160kola se <br\/> ubrzano razvijala tijekom posljednjih dvadeset godina te je danas najve\u0107a srednjo\u0161kolska ustanova<br\/> u Vara\u017edinskoj \u017eupaniji, Hrvatska.<\/p>\n\n<p>Osnovna djelatnost \u0161kole je pru\u017eanje \u010detverogodi\u0161njeg i trogodi\u0161njeg srednjo\u0161kolskog programa<br\/>\nstrukovnog obrazovanja i osposobljavanja (VET) koje omogu\u0107uje srednjo\u0161kolcima stjecanje<br\/>\nVET kvalifikacija na sljede\u0107im poljima:<\/p>\n\n<ul><li>Elektrotehnika i strojarstvo, uklju\u010duju\u0107i mehatroniku<\/li><li>Informacijska tehnologija\/ra\u010dunalstvo<\/li><li>Grafi\u010dka tehnologija i Audio-vizualni dizajn<\/li><\/ul>\n\n<p>Web stranica: <a rel=\"noreferrer noopener\" aria-label=\"www.ess.hr (opens in a new tab)\" href=\"http:\/\/www.ess.hr\" target=\"_blank\">www.ess.hr<\/a><\/p>\n\n<p>Kontakt osoba: Igor Kos<br\/><a href=\"mailto:ikos@ess.hr\">ikos@ess.hr<\/a><br\/>+385042313455<\/p>\n\n<div style=\"height:100px\" aria-hidden=\"true\" class=\"wp-block-spacer\"><\/div>\n\n<figure class=\"wp-block-image size-large is-resized\"><img loading=\"lazy\" src=\"https:\/\/sys-stem.eu\/wp-content\/uploads\/2020\/02\/IDEC-trans3.gif\" alt=\"\" class=\"wp-image-269\" width=\"303\" height=\"90\"\/><\/figure>\n\n<h2>IDEC SA &#8211; Gr\u010dka<\/h2>\n\n<p>IDEC je dru\u0161tvo za osposobljavanje i savjetovanje koje se nalazi u mjestu Piraeus, Gr\u010dka. Djelatnosti dru\u0161tva uklju\u010duju osposobljavanje, savjetovanje u svezi upravljanja, osiguranje kvalitete, procjenu i razvijanje rje\u0161enja informacijske i komunikacijske tehnologije (IKT) za privatni i javni sektor. IDEC je dru\u0161tvo koje je posljednjih 20 godina aktivno na polju EU projekata.  <\/p>\n\n<p> Posjeduje bogato iskustvo u podru\u010dju europskih politika vezanih za cjelo\u017eivotno u\u010denje, posebice EQF, ECVET, Europass, EQAVET, provjeri neformalnog i neslu\u017ebenog u\u010denja, u\u010denja na radu i shema prakse, te nacionalnih reformi obrazovnih sustava i sustava osposobljavanja.<\/p>\n\n<p>Web stranica: <a rel=\"noreferrer noopener\" aria-label=\"www.idec.gr (opens in a new tab)\" href=\"http:\/\/www.idec.gr\" target=\"_blank\">www.idec.gr<\/a><\/p>\n\n<p>Kontakt osoba: Xenia Chronopoulou<br\/><a href=\"mailto:xenia@idec.gr\">xenia@idec.gr<\/a><br\/>+302104286227<\/p>\n","protected":false},"excerpt":{"rendered":"<p>Politeknika Ikastergia Txorierri &#8211; \u0160panjolska Politeknika Ikastegia Txorierri (www.txorierri.net) je subvencionirana srednja \u0161kola za znanost i tehnologiju i strukovno obrazovanje i osposobljavanje (EQF (Europski kvalifikacijski okvir) razine 3 i 5) u Baskiji. Svake godine, \u0161kola osigura obrazovanje za vi\u0161e od 400 redovnih u\u010denika i vi\u0161e od 1000 odraslih izvanrednih polaznika s osobljem od 45 ljudi. [&hellip;]<\/p>\n","protected":false},"author":1,"featured_media":0,"parent":0,"menu_order":0,"comment_status":"closed","ping_status":"closed","template":"","meta":[],"_links":{"self":[{"href":"https:\/\/sys-stem.eu\/hr\/wp-json\/wp\/v2\/pages\/501"}],"collection":[{"href":"https:\/\/sys-stem.eu\/hr\/wp-json\/wp\/v2\/pages"}],"about":[{"href":"https:\/\/sys-stem.eu\/hr\/wp-json\/wp\/v2\/types\/page"}],"author":[{"embeddable":true,"href":"https:\/\/sys-stem.eu\/hr\/wp-json\/wp\/v2\/users\/1"}],"replies":[{"embeddable":true,"href":"https:\/\/sys-stem.eu\/hr\/wp-json\/wp\/v2\/comments?post=501"}],"version-history":[{"count":1,"href":"https:\/\/sys-stem.eu\/hr\/wp-json\/wp\/v2\/pages\/501\/revisions"}],"predecessor-version":[{"id":502,"href":"https:\/\/sys-stem.eu\/hr\/wp-json\/wp\/v2\/pages\/501\/revisions\/502"}],"wp:attachment":[{"href":"https:\/\/sys-stem.eu\/hr\/wp-json\/wp\/v2\/media?parent=501"}],"curies":[{"name":"wp","href":"https:\/\/api.w.org\/{rel}","templated":true}]}}