{"id":461,"date":"2020-02-14T07:05:22","date_gmt":"2020-02-14T07:05:22","guid":{"rendered":"https:\/\/sys-stem.eu\/about\/"},"modified":"2022-07-03T19:42:29","modified_gmt":"2022-07-03T18:42:29","slug":"about","status":"publish","type":"page","link":"https:\/\/sys-stem.eu\/pt-pt\/about\/","title":{"rendered":"Sobre"},"content":{"rendered":"\n<p>SYS-STEM \u00e9 um projeto realizado por cinco organiza\u00e7\u00f5es em quatro pa\u00edses, Espanha, Portugal, Cro\u00e1cia e Gr\u00e9cia. As suas a\u00e7\u00f5es e resultados apoiam escolas secund\u00e1rias e professores no desenvolvimento e aplica\u00e7\u00e3o de uma educa\u00e7\u00e3o STEM ambiciosa, com o objetivo de tornar o STEM mais acess\u00edvel a todos.<\/p>\n\n\n\n<p>Os parceiros do projeto desenvolveram a <strong><em><a href=\"https:\/\/sys-stem.eu\/pt-pt\/methodology\/\">Metodologia SYS-STEM<\/a><\/em><\/strong>, projetada para motivar e envolver alunos do ensino b\u00e1sico e secund\u00e1rio para o STEM e para a eletr\u00f3nica. O objetivo \u00e9 orientar os alunos a seguirem carreiras futuras nessas \u00e1reas.<\/p>\n\n\n\n<p>A Metodologia inclui um pacote completo de materiais did\u00e1ticos em eletr\u00f3nica b\u00e1sica e STEM utilizando Arduino. Os materiais did\u00e1ticos consistem em apresenta\u00e7\u00f5es, teoria, exerc\u00edcios, simula\u00e7\u00f5es e v\u00eddeos projetados para entrega a alunos de diferentes idades e n\u00edveis de compet\u00eancia. <\/p>\n\n\n\n<p>Os utilizadores tamb\u00e9m s\u00e3o convidados a testar os seus conhecimentos e a praticar em STEM atrav\u00e9s de 4 ArdLABs remotos bem equipados (Laborat\u00f3rios Arduino), desenvolvidos pelos parceiros, que podem ser reservados e ligados atrav\u00e9s do SYS-STEM <strong><em><a href=\"https:\/\/sys-stem.eu\/pt-pt\/ardlab-hub\/\">ArdLAB Hub<\/a><\/em><\/strong>. Esta \u00e9 uma plataforma online que coordena e gere reservas e liga\u00e7\u00f5es remotas para os ArdLABs.<\/p>\n\n\n\n<p>O ArdLAB Hub n\u00e3o foi projetado para ser utilizado apenas com os 4 laborat\u00f3rios remotos de Arduino desenvolvidos pelos parceiros. Para as escolas que desejam desenvolver os seus pr\u00f3prios Laborat\u00f3rios Arduino e disponibiliz\u00e1-los para o mundo (caso desejem partilhar as suas instala\u00e7\u00f5es com outras escolas e alunos), os parceiros da SYS-STEM desenvolveram adicionalmente um <strong><em><a href=\"https:\/\/sys-stem.eu\/wp-content\/uploads\/2022\/07\/SYS-STEM-ArdLab-Setup-Final-PT.pdf\" target=\"_blank\" rel=\"noreferrer noopener\">Guia inicial do ArdLAB<\/a><\/em><\/strong> para facilitar o processo de desenvolvimento e registo de potenciais laborat\u00f3rios remotos adicionais ao ArdLAB Hub.<\/p>\n","protected":false},"excerpt":{"rendered":"<p>SYS-STEM \u00e9 um projeto realizado por cinco organiza\u00e7\u00f5es em quatro pa\u00edses, Espanha, Portugal, Cro\u00e1cia e Gr\u00e9cia. As suas a\u00e7\u00f5es e resultados apoiam escolas secund\u00e1rias e professores no desenvolvimento e aplica\u00e7\u00e3o de uma educa\u00e7\u00e3o STEM ambiciosa, com o objetivo de tornar o STEM mais acess\u00edvel a todos. Os parceiros do projeto desenvolveram a Metodologia SYS-STEM, projetada [&hellip;]<\/p>\n","protected":false},"author":1,"featured_media":0,"parent":0,"menu_order":0,"comment_status":"closed","ping_status":"closed","template":"","meta":[],"_links":{"self":[{"href":"https:\/\/sys-stem.eu\/pt-pt\/wp-json\/wp\/v2\/pages\/461"}],"collection":[{"href":"https:\/\/sys-stem.eu\/pt-pt\/wp-json\/wp\/v2\/pages"}],"about":[{"href":"https:\/\/sys-stem.eu\/pt-pt\/wp-json\/wp\/v2\/types\/page"}],"author":[{"embeddable":true,"href":"https:\/\/sys-stem.eu\/pt-pt\/wp-json\/wp\/v2\/users\/1"}],"replies":[{"embeddable":true,"href":"https:\/\/sys-stem.eu\/pt-pt\/wp-json\/wp\/v2\/comments?post=461"}],"version-history":[{"count":3,"href":"https:\/\/sys-stem.eu\/pt-pt\/wp-json\/wp\/v2\/pages\/461\/revisions"}],"predecessor-version":[{"id":722,"href":"https:\/\/sys-stem.eu\/pt-pt\/wp-json\/wp\/v2\/pages\/461\/revisions\/722"}],"wp:attachment":[{"href":"https:\/\/sys-stem.eu\/pt-pt\/wp-json\/wp\/v2\/media?parent=461"}],"curies":[{"name":"wp","href":"https:\/\/api.w.org\/{rel}","templated":true}]}}