{"id":468,"date":"2020-02-14T13:01:10","date_gmt":"2020-02-14T13:01:10","guid":{"rendered":"https:\/\/sys-stem.eu\/ardlab-hub\/"},"modified":"2022-07-03T19:43:25","modified_gmt":"2022-07-03T18:43:25","slug":"ardlab-hub","status":"publish","type":"page","link":"https:\/\/sys-stem.eu\/pt-pt\/ardlab-hub\/","title":{"rendered":"ArdLAB Hub"},"content":{"rendered":"\n<p>Os parceiros do projeto SYS-STEM criaram 4 laborat\u00f3rios remotos de Arduino (ArdLABs) n\u00e3o apenas para os seus alunos, mas para estudantes de qualquer lugar do mundo. Esses laborat\u00f3rios permitem acesso remoto e uma variedade de experi\u00eancias STEM sem a necessidade de ter equipamentos Arduino dispon\u00edveis. Escolas, professores e alunos s\u00e3o convidados a participar e a utilizar esses ArdLABs atrav\u00e9s do ArdLAB Hub<em>.<\/em><\/p>\n\n\n\n<div style=\"height:47px\" aria-hidden=\"true\" class=\"wp-block-spacer\"><\/div>\n\n\n\n<p>O hub ArdLAB \u00e9 uma aplica\u00e7\u00e3o online que centraliza e organiza as marca\u00e7\u00f5es, reservas, de hor\u00e1rios para ArdLABs que estejam ligados (Laborat\u00f3rios Arduino). Para aceder aos seus recursos, o utilizador tem apenas de criar uma conta. Atrav\u00e9s de uma interface de f\u00e1cil acesso, os utilizadores podem escolher o dia e o hor\u00e1rio desejados para o uso de um ArdLAB remoto.<\/p>\n\n\n\n<div style=\"height:47px\" aria-hidden=\"true\" class=\"wp-block-spacer\"><\/div>\n\n\n\n<p>A plataforma automatizada verifica os ArdLABs dispon\u00edveis para a data\/hora pretendidas e apresenta os laborat\u00f3rios dispon\u00edveis. Os utilizadores t\u00eam simplesmente que clicar em &#8220;reservar&#8221; e ligarem-se a esse ArdLAB atrav\u00e9s do hub no dia\/hor\u00e1rio combinado. Se todos os ArdLABs SYS-STEM estiverem ocupados num determinado momento, os hor\u00e1rios anteriores ou pr\u00f3ximos dispon\u00edveis ser\u00e3o mostradosarly. <\/p>\n\n\n\n<div class=\"wp-block-image\"><figure class=\"aligncenter size-large is-resized\"><a href=\"https:\/\/sys-stem.dei.isep.ipp.pt\" target=\"_blank\" rel=\"noreferrer noopener\"><img loading=\"lazy\" src=\"https:\/\/sys-stem.eu\/wp-content\/uploads\/2021\/03\/ard-lab_logo-1-1024x474.png\" alt=\"\" class=\"wp-image-295\" width=\"487\" height=\"225\" srcset=\"https:\/\/sys-stem.eu\/wp-content\/uploads\/2021\/03\/ard-lab_logo-1-1024x474.png 1024w, https:\/\/sys-stem.eu\/wp-content\/uploads\/2021\/03\/ard-lab_logo-1-300x139.png 300w, https:\/\/sys-stem.eu\/wp-content\/uploads\/2021\/03\/ard-lab_logo-1-768x355.png 768w, https:\/\/sys-stem.eu\/wp-content\/uploads\/2021\/03\/ard-lab_logo-1-1200x555.png 1200w, https:\/\/sys-stem.eu\/wp-content\/uploads\/2021\/03\/ard-lab_logo-1.png 1223w\" sizes=\"(max-width: 487px) 100vw, 487px\" \/><\/a><figcaption>Clique no log\u00f3tipo para visitar o ArdLAB Hub <\/figcaption><\/figure><\/div>\n\n\n\n<div style=\"height:47px\" aria-hidden=\"true\" class=\"wp-block-spacer\"><\/div>\n\n\n\n<p>O ArdLAB Hub n\u00e3o foi projetado para ser utilizado apenas com os 4 laborat\u00f3rios remotos de Arduino desenvolvidos pelos parceiros. Para as escolas que desejam desenvolver os seus pr\u00f3prios Laborat\u00f3rios Arduino e disponibiliz\u00e1-los para o mundo (caso desejem partilhar as suas instala\u00e7\u00f5es com outras escolas e alunos), os parceiros da SYS-STEM desenvolveram adicionalmente um <strong><em><a href=\"https:\/\/sys-stem.eu\/wp-content\/uploads\/2022\/07\/SYS-STEM-ArdLab-Setup-Final-PT.pdf\" target=\"_blank\" rel=\"noreferrer noopener\">Guia inicial do ArdLAB<\/a><\/em><\/strong> para facilitar o processo de desenvolvimento e registo de potenciais laborat\u00f3rios remotos adicionais ao ArdLAB Hub.<\/p>\n","protected":false},"excerpt":{"rendered":"<p>Os parceiros do projeto SYS-STEM criaram 4 laborat\u00f3rios remotos de Arduino (ArdLABs) n\u00e3o apenas para os seus alunos, mas para estudantes de qualquer lugar do mundo. Esses laborat\u00f3rios permitem acesso remoto e uma variedade de experi\u00eancias STEM sem a necessidade de ter equipamentos Arduino dispon\u00edveis. Escolas, professores e alunos s\u00e3o convidados a participar e a [&hellip;]<\/p>\n","protected":false},"author":1,"featured_media":0,"parent":0,"menu_order":0,"comment_status":"closed","ping_status":"closed","template":"","meta":[],"_links":{"self":[{"href":"https:\/\/sys-stem.eu\/pt-pt\/wp-json\/wp\/v2\/pages\/468"}],"collection":[{"href":"https:\/\/sys-stem.eu\/pt-pt\/wp-json\/wp\/v2\/pages"}],"about":[{"href":"https:\/\/sys-stem.eu\/pt-pt\/wp-json\/wp\/v2\/types\/page"}],"author":[{"embeddable":true,"href":"https:\/\/sys-stem.eu\/pt-pt\/wp-json\/wp\/v2\/users\/1"}],"replies":[{"embeddable":true,"href":"https:\/\/sys-stem.eu\/pt-pt\/wp-json\/wp\/v2\/comments?post=468"}],"version-history":[{"count":3,"href":"https:\/\/sys-stem.eu\/pt-pt\/wp-json\/wp\/v2\/pages\/468\/revisions"}],"predecessor-version":[{"id":723,"href":"https:\/\/sys-stem.eu\/pt-pt\/wp-json\/wp\/v2\/pages\/468\/revisions\/723"}],"wp:attachment":[{"href":"https:\/\/sys-stem.eu\/pt-pt\/wp-json\/wp\/v2\/media?parent=468"}],"curies":[{"name":"wp","href":"https:\/\/api.w.org\/{rel}","templated":true}]}}