{"id":619,"date":"2020-02-14T12:54:45","date_gmt":"2020-02-14T12:54:45","guid":{"rendered":"https:\/\/sys-stem.eu\/methodology\/"},"modified":"2022-07-20T17:36:33","modified_gmt":"2022-07-20T16:36:33","slug":"methodology","status":"publish","type":"page","link":"https:\/\/sys-stem.eu\/pt-pt\/methodology\/","title":{"rendered":"Metodologia"},"content":{"rendered":"\n<p>A Metodologia Arduino SYS-STEM para Escolas \u00e9 um pacote de materiais e projetos espec\u00edficos para estudantes de Arduino, dos 14 aos 18 anos, que inclui um programa estruturado passo a passo sobre desenvolvimento de eletr\u00f3nica e programa\u00e7\u00e3o utilizando Arduino. <\/p>\n\n\n\n<p>Cada M\u00f3dulo inclui todas as ferramentas e diretrizes de planeamento did\u00e1tico necess\u00e1rias: resultados de aprendizagem previstos, conjuntos completos de materiais e exemplos, simula\u00e7\u00f5es, exerc\u00edcios-exemplo em Arduino para os alunos e solu\u00e7\u00f5es. <\/p>\n\n\n\n<div style=\"height:47px\" aria-hidden=\"true\" class=\"wp-block-spacer\"><\/div>\n\n\n\n<h2>BAIXAR<\/h2>\n\n\n\n<ul><li><a href=\"https:\/\/sys-stem.eu\/wp-content\/uploads\/2022\/07\/SYS-STEM - Module 01 - Introduction_to_STEM_and_SYS_STEM_approach_PT.ppsx\">SYS-STEM &#8211; M\u00f3dulo 01 &#8211; Introdu\u00e7\u00e3o ao STEM e abordagem SYS-STEM<\/a><\/li><li><a href=\"https:\/\/sys-stem.eu\/wp-content\/uploads\/2022\/07\/SYS-STEM - Module 02 - Arduino Basics and basic devices_PT.ppsx\">SYS-STEM &#8211; M\u00f3dulo 02 &#8211; Conceitos b\u00e1sicos de Arduino e aparelhos b\u00e1sicos<\/a><\/li><li><a href=\"https:\/\/sys-stem.eu\/wp-content\/uploads\/2022\/07\/SYS-STEM - Module 03 - Digital inputs outputs and interruptions_Analog signals_PT.ppsx\">SYS-STEM &#8211; M\u00f3dulo 03 Inputs digitais Inputs outputs e interrup\u00e7\u00f5es Sinais anal\u00f3gicos<\/a><\/li><li><a href=\"https:\/\/sys-stem.eu\/wp-content\/uploads\/2022\/07\/SYS-STEM - Module 04 - First programs_PT.ppsx\">SYS-STEM &#8211; M\u00f3dulo 04 &#8211; Primeiros Programas<\/a><\/li><li><a href=\"https:\/\/sys-stem.eu\/wp-content\/uploads\/2022\/07\/SYS-STEM - Module 05 - Variables and Expressions_PT.ppsx\">SYS-STEM &#8211; M\u00f3dulo 05 &#8211; Vari\u00e1veis e Express\u00f5es<\/a><\/li><li><a href=\"https:\/\/sys-stem.eu\/wp-content\/uploads\/2022\/07\/SYS-STEM - Module 06 - Decision making and control functions_PT.ppsx\">SYS-STEM &#8211; M\u00f3dulo 06 &#8211; Tomada de Decis\u00e3o e fun\u00e7\u00f5es de controlo<\/a><\/li><li><a href=\"https:\/\/sys-stem.eu\/wp-content\/uploads\/2022\/07\/SYS-STEM - Module 07 - LCD_final_PT.ppsx\">SYS-STEM &#8211; M\u00f3dulo 07 &#8211; LCD<\/a><\/li><li><a href=\"https:\/\/sys-stem.eu\/wp-content\/uploads\/2022\/07\/SYS-STEM - Module 08 - Sensors_PT.ppsx\">SYS-STEM &#8211; M\u00f3dulo 08 &#8211; Sensores<\/a><\/li><li><a href=\"https:\/\/sys-stem.eu\/wp-content\/uploads\/2022\/07\/SYS-STEM - Module 09 - Servo_and_DC_Motors_PT.ppsx\">SYS-STEM &#8211; M\u00f3dulo 09 &#8211; Servo e DC Motors<\/a><\/li><li><a href=\"https:\/\/sys-stem.eu\/wp-content\/uploads\/2022\/07\/SYS-STEM - Module 10 - Real World Examples_PT.ppsx\">SYS-STEM &#8211; M\u00f3dulo 10 &#8211; Exemplos Reais<\/a><\/li><\/ul>\n\n\n\n<div style=\"height:47px\" aria-hidden=\"true\" class=\"wp-block-spacer\"><\/div>\n\n\n\n<p>Para testar ainda mais os seus conhecimentos, escolas e utilizadores t\u00eam sempre a possibilidade de se ligarem ao SYS-STEM <a href=\"https:\/\/sys-stem.eu\/pt-pt\/ardlab-hub\/\">ARdLAB Hub <\/a>para reservar um per\u00edodo de tempo ArdLAB e implementar programa\u00e7\u00e3o e prototipagem em laborat\u00f3rios Arduino reais, localizados nas organiza\u00e7\u00f5es parceiras. <\/p>\n\n\n\n<div style=\"height:47px\" aria-hidden=\"true\" class=\"wp-block-spacer\"><\/div>\n\n\n\n<div style=\"height:47px\" aria-hidden=\"true\" class=\"wp-block-spacer\"><\/div>\n","protected":false},"excerpt":{"rendered":"<p>A Metodologia Arduino SYS-STEM para Escolas \u00e9 um pacote de materiais e projetos espec\u00edficos para estudantes de Arduino, dos 14 aos 18 anos, que inclui um programa estruturado passo a passo sobre desenvolvimento de eletr\u00f3nica e programa\u00e7\u00e3o utilizando Arduino. Cada M\u00f3dulo inclui todas as ferramentas e diretrizes de planeamento did\u00e1tico necess\u00e1rias: resultados de aprendizagem previstos, [&hellip;]<\/p>\n","protected":false},"author":1,"featured_media":0,"parent":0,"menu_order":0,"comment_status":"closed","ping_status":"closed","template":"","meta":[],"_links":{"self":[{"href":"https:\/\/sys-stem.eu\/pt-pt\/wp-json\/wp\/v2\/pages\/619"}],"collection":[{"href":"https:\/\/sys-stem.eu\/pt-pt\/wp-json\/wp\/v2\/pages"}],"about":[{"href":"https:\/\/sys-stem.eu\/pt-pt\/wp-json\/wp\/v2\/types\/page"}],"author":[{"embeddable":true,"href":"https:\/\/sys-stem.eu\/pt-pt\/wp-json\/wp\/v2\/users\/1"}],"replies":[{"embeddable":true,"href":"https:\/\/sys-stem.eu\/pt-pt\/wp-json\/wp\/v2\/comments?post=619"}],"version-history":[{"count":4,"href":"https:\/\/sys-stem.eu\/pt-pt\/wp-json\/wp\/v2\/pages\/619\/revisions"}],"predecessor-version":[{"id":759,"href":"https:\/\/sys-stem.eu\/pt-pt\/wp-json\/wp\/v2\/pages\/619\/revisions\/759"}],"wp:attachment":[{"href":"https:\/\/sys-stem.eu\/pt-pt\/wp-json\/wp\/v2\/media?parent=619"}],"curies":[{"name":"wp","href":"https:\/\/api.w.org\/{rel}","templated":true}]}}