{"id":620,"date":"2020-02-14T12:23:54","date_gmt":"2020-02-14T12:23:54","guid":{"rendered":"https:\/\/sys-stem.eu\/partners\/"},"modified":"2022-07-03T19:00:54","modified_gmt":"2022-07-03T18:00:54","slug":"partners","status":"publish","type":"page","link":"https:\/\/sys-stem.eu\/pt-pt\/partners\/","title":{"rendered":"Parceiros"},"content":{"rendered":"\n<div style=\"height:100px\" aria-hidden=\"true\" class=\"wp-block-spacer\"><\/div>\n\n\n\n<figure class=\"wp-block-image size-large is-resized\"><img loading=\"lazy\" src=\"http:\/\/dessaproject.eu\/wp-content\/uploads\/2020\/02\/logo_txorierri-1-1024x384.jpg\" alt=\"\" class=\"wp-image-147\" width=\"454\" height=\"169\"\/><\/figure>\n\n\n\n<h2>Politeknika Ikastergia Txorierri &#8211; Espanha<\/h2>\n\n\n\n<p class=\"has-normal-font-size\">Politeknika Ikastegia Txorierri (www.txorierri.net) \u00e9 uma Escola Secund\u00e1ria na Regi\u00e3o Basca, subsidiada para a Ci\u00eancia e Tecnologia e Educa\u00e7\u00e3o Profissional e Forma\u00e7\u00e3o (ambos EQF n\u00edvel 3 e 5). Todos os anos, a escola oferece educa\u00e7\u00e3o para mais de 400 alunos em tempo integral e mais de 1000 alunos adultos em tempo parcial com uma equipe de 45 pessoas. <\/p>\n\n\n\n<p>Politeknika Ikastegia Txorierri concentra-se em servir a ind\u00fastria local e tem o compromisso de proporcionar aos seus alunos uma aprendizagem integral cont\u00ednua, ao longo da vida. O Centro promove Inova\u00e7\u00e3o em Projetos Tecnol\u00f3gicos e Pedag\u00f3gicos e tem como objetivo oferecer um servi\u00e7o de qualidade ao P\u00fablico, atendendo \u00e0s necessidades de forma\u00e7\u00e3o local dos jovens, das universidades e institui\u00e7\u00f5es locais.<\/p>\n\n\n\n<p>Website:  <a href=\"http:\/\/www.txorierri.net\/\">www.txorierri.net<\/a> <\/p>\n\n\n\n<p>Pessoa de contacto: Anabel Menca<br><a rel=\"noreferrer noopener\" aria-label=\"amenica@txorierri.net (opens in a new tab)\" href=\"mailto:amenica@txorierri.net\" target=\"_blank\">amenica@txorierri.net<\/a><br>+34651705161<\/p>\n\n\n\n<div style=\"height:100px\" aria-hidden=\"true\" class=\"wp-block-spacer\"><\/div>\n\n\n\n<figure class=\"wp-block-image size-large is-resized\"><img loading=\"lazy\" src=\"https:\/\/sys-stem.eu\/wp-content\/uploads\/2020\/02\/download.png\" alt=\"\" class=\"wp-image-211\" width=\"439\" height=\"96\" srcset=\"https:\/\/sys-stem.eu\/wp-content\/uploads\/2020\/02\/download.png 480w, https:\/\/sys-stem.eu\/wp-content\/uploads\/2020\/02\/download-300x66.png 300w\" sizes=\"(max-width: 439px) 100vw, 439px\" \/><\/figure>\n\n\n\n<h2>Instituto Polit\u00e9cnico do Porto &#8211; Portugal<\/h2>\n\n\n\n<p class=\"has-normal-font-size\">O Polit\u00e9cnico do Porto, P. Porto (IPP), \u00e9 uma institui\u00e7\u00e3o p\u00fablica de ensino superior criada em 1985. Com mais de 18500 alunos \u00e9 o maior Polit\u00e9cnico de Portugal. O P.Porto destaca-se sobretudo pela capacidade de formar jovens com conhecimentos fundamentais para o mercado de trabalho, capazes de contribuir para o desenvolvimento econ\u00f3mico com elevado sentido de responsabilidade social. <\/p>\n\n\n\n<p class=\"has-normal-font-size\">Esta institui\u00e7\u00e3o destaca-se pela sua interdisciplinaridade, com 7 Escolas que abrangem um amplo espectro de conhecimentos cient\u00edficos, desde a Engenharia (ISEP) \u00e0 M\u00fasica e Artes do Espet\u00e1culo (ESMAE), Educa\u00e7\u00e3o (ESE), Contabilidade e Administra\u00e7\u00e3o (ISCAPE), Gest\u00e3o e Estudos Industriais (ESEIG), Gest\u00e3o e Tecnologia (ESTGF), Tecnologia da Sa\u00fade (ESTSP) e afins. <\/p>\n\n\n\n<p>Website:  <a href=\"https:\/\/www.ipp.pt\/\">https:\/\/www.ipp.pt\/<\/a><\/p>\n\n\n\n<p>Pessoa de contacto:  Nuno Escudeiro <br><a href=\"mailto:nfe@isep.ipp.pt\">nfe@isep.ipp.pt<\/a><br> +351225020772<\/p>\n\n\n\n<div style=\"height:100px\" aria-hidden=\"true\" class=\"wp-block-spacer\"><\/div>\n\n\n\n<figure class=\"wp-block-image size-large is-resized\"><img loading=\"lazy\" src=\"https:\/\/sys-stem.eu\/wp-content\/uploads\/2021\/03\/red.png\" alt=\"\" class=\"wp-image-303\" width=\"140\" height=\"140\" srcset=\"https:\/\/sys-stem.eu\/wp-content\/uploads\/2021\/03\/red.png 867w, https:\/\/sys-stem.eu\/wp-content\/uploads\/2021\/03\/red-300x300.png 300w, https:\/\/sys-stem.eu\/wp-content\/uploads\/2021\/03\/red-150x150.png 150w, https:\/\/sys-stem.eu\/wp-content\/uploads\/2021\/03\/red-768x768.png 768w\" sizes=\"(max-width: 140px) 100vw, 140px\" \/><\/figure>\n\n\n\n<h2>HELLENIC MEDITERRANEAN UNIVERSITY &#8211; Gr\u00e9cia<\/h2>\n\n\n\n<p>A Hellenic Mediterranean University (HMU) de Creta, Gr\u00e9cia, \u00e9 uma universidade p\u00fablica de ci\u00eancias aplicadas que compreende as escolas de Tecnologia Agr\u00edcola, Ci\u00eancias Aplicadas, Tecnologia Aplicada, Sa\u00fade e Bem-Estar Social e Gest\u00e3o e Economia com 15 departamentos localizados em Heraklion, Chania, Rethymnon, Agios Nikolaos, Ierapetra e Sitia.<\/p>\n\n\n\n<p>S\u00e3o mais de 20.000 alunos, acad\u00e9micos e administradores, que constituem uma comunidade acad\u00e9mica bem-sucedida, apoiada por uma biblioteca bem equipada, um complexo desportivo, um centro de sa\u00fade e uma resid\u00eancia de estudantes moderna. A HMU est\u00e1 envolvida num n\u00famero consider\u00e1vel de projetos de investiga\u00e7\u00e3o, assinou mais de 110 acordos bilaterais ERASMUS com universidades europeias e possui uma extensa rede de parceiros comerciais e sociais em todo o Mundo.  <\/p>\n\n\n\n<p>Website:  <a href=\"https:\/\/hmu.gr\">https:\/\/hmu.gr<\/a> <\/p>\n\n\n\n<p>Pessoa de contacto: George Papadourakis<br> <a href=\"mailto:papadour@hmu.gr\">papadour@hmu.gr<\/a><br>+302810379300 <\/p>\n\n\n\n<div style=\"height:100px\" aria-hidden=\"true\" class=\"wp-block-spacer\"><\/div>\n\n\n\n<figure class=\"wp-block-image size-large is-resized\"><img loading=\"lazy\" src=\"https:\/\/sys-stem.eu\/wp-content\/uploads\/2020\/02\/456123_325659760821971_883098554_o-1024x878.jpg\" alt=\"\" class=\"wp-image-267\" width=\"168\" height=\"144\" srcset=\"https:\/\/sys-stem.eu\/wp-content\/uploads\/2020\/02\/456123_325659760821971_883098554_o-1024x878.jpg 1024w, https:\/\/sys-stem.eu\/wp-content\/uploads\/2020\/02\/456123_325659760821971_883098554_o-300x257.jpg 300w, https:\/\/sys-stem.eu\/wp-content\/uploads\/2020\/02\/456123_325659760821971_883098554_o-768x658.jpg 768w, https:\/\/sys-stem.eu\/wp-content\/uploads\/2020\/02\/456123_325659760821971_883098554_o-1200x1028.jpg 1200w, https:\/\/sys-stem.eu\/wp-content\/uploads\/2020\/02\/456123_325659760821971_883098554_o.jpg 1210w\" sizes=\"(max-width: 168px) 100vw, 168px\" \/><\/figure>\n\n\n\n<h2>Elektrostrojarska \u0161kola- Cro\u00e1cia<\/h2>\n\n\n\n<p>Elektrostrojarska \u0161kola de Vara\u017edin \u00e9 uma escola p\u00fablica de ensino m\u00e9dio fundada em 1958. A escola cresceu rapidamente durante os \u00faltimos vinte anos e, hoje, \u00e9 o maior estabelecimento escolar secund\u00e1rio no condado de Vara\u017edin, na Cro\u00e1cia.<\/p>\n\n\n\n<p>A atividade central da escola \u00e9 a permitir a forma\u00e7\u00e3o profissional de 4 anos e 3 anos e programas de forma\u00e7\u00e3o educacional (VET) que permitam que os alunos do ensino secund\u00e1rio possam obter qualifica\u00e7\u00f5es profissionais nos seguintes campos:<\/p>\n\n\n\n<ul><li>Engenharia El\u00e9trica e Engenharia Mec\u00e2nica, incluindo Mecatr\u00f4nica<\/li><li>Tecnologia da Informa\u00e7\u00e3o \/ Computa\u00e7\u00e3o<\/li><li>Tecnologia gr\u00e1fica e design audiovisual<\/li><\/ul>\n\n\n\n<p>Website: <a rel=\"noreferrer noopener\" aria-label=\"www.ess.hr (opens in a new tab)\" href=\"http:\/\/www.ess.hr\" target=\"_blank\">www.ess.hr<\/a><\/p>\n\n\n\n<p>Pessoa de contacto: Igor Kos<br><a href=\"mailto:ikos@ess.hr\">ikos@ess.hr<\/a><br>+385042313455<\/p>\n\n\n\n<div style=\"height:100px\" aria-hidden=\"true\" class=\"wp-block-spacer\"><\/div>\n\n\n\n<figure class=\"wp-block-image size-large is-resized\"><img loading=\"lazy\" src=\"https:\/\/sys-stem.eu\/wp-content\/uploads\/2020\/02\/IDEC-trans3.gif\" alt=\"\" class=\"wp-image-271\" width=\"303\" height=\"90\"\/><\/figure>\n\n\n\n<h2>IDEC SA &#8211; Gr\u00e9cia<\/h2>\n\n\n\n<p>O IDEC \u00e9 uma empresa de consultoria de est\u00e1gios localizada em Pireu, Gr\u00e9cia. As suas atividades consistem em est\u00e1gios, consultoria de gest\u00e3o, garantia de qualidade, avalia\u00e7\u00e3o e desenvolvimento de solu\u00e7\u00f5es de TIC tanto para o setor privado quanto para o p\u00fablico. O IDEC tem atuado nos \u00faltimos 20 anos no campo dos projetos da UE.<\/p>\n\n\n\n<p>Tem vasta experi\u00eancia em pol\u00edticas europeias sobre a aprendizagem ao longo da vida e, em particular, EQF, ECVET, Europass, EQAVET, valida\u00e7\u00e3o de aprendizagem n\u00e3o formal e informal, programas de est\u00e1gio e aprendizagem baseada em trabalho de campo e em reformas nacionais de sistemas de educa\u00e7\u00e3o e est\u00e1gio.<\/p>\n\n\n\n<p>Website: <a rel=\"noreferrer noopener\" aria-label=\"www.idec.gr (opens in a new tab)\" href=\"http:\/\/www.idec.gr\" target=\"_blank\">www.idec.gr<\/a><\/p>\n\n\n\n<p>Pessoa de contacto: Xenia Chronopoulou<br><a href=\"mailto:xenia@idec.gr\">xenia@idec.gr<\/a><br>+302104286227<\/p>\n","protected":false},"excerpt":{"rendered":"<p>Politeknika Ikastergia Txorierri &#8211; Espanha Politeknika Ikastegia Txorierri (www.txorierri.net) \u00e9 uma Escola Secund\u00e1ria na Regi\u00e3o Basca, subsidiada para a Ci\u00eancia e Tecnologia e Educa\u00e7\u00e3o Profissional e Forma\u00e7\u00e3o (ambos EQF n\u00edvel 3 e 5). Todos os anos, a escola oferece educa\u00e7\u00e3o para mais de 400 alunos em tempo integral e mais de 1000 alunos adultos em [&hellip;]<\/p>\n","protected":false},"author":1,"featured_media":0,"parent":0,"menu_order":0,"comment_status":"closed","ping_status":"closed","template":"","meta":[],"_links":{"self":[{"href":"https:\/\/sys-stem.eu\/pt-pt\/wp-json\/wp\/v2\/pages\/620"}],"collection":[{"href":"https:\/\/sys-stem.eu\/pt-pt\/wp-json\/wp\/v2\/pages"}],"about":[{"href":"https:\/\/sys-stem.eu\/pt-pt\/wp-json\/wp\/v2\/types\/page"}],"author":[{"embeddable":true,"href":"https:\/\/sys-stem.eu\/pt-pt\/wp-json\/wp\/v2\/users\/1"}],"replies":[{"embeddable":true,"href":"https:\/\/sys-stem.eu\/pt-pt\/wp-json\/wp\/v2\/comments?post=620"}],"version-history":[{"count":2,"href":"https:\/\/sys-stem.eu\/pt-pt\/wp-json\/wp\/v2\/pages\/620\/revisions"}],"predecessor-version":[{"id":692,"href":"https:\/\/sys-stem.eu\/pt-pt\/wp-json\/wp\/v2\/pages\/620\/revisions\/692"}],"wp:attachment":[{"href":"https:\/\/sys-stem.eu\/pt-pt\/wp-json\/wp\/v2\/media?parent=620"}],"curies":[{"name":"wp","href":"https:\/\/api.w.org\/{rel}","templated":true}]}}