{"id":621,"date":"2020-02-14T07:05:22","date_gmt":"2020-02-14T07:05:22","guid":{"rendered":"https:\/\/sys-stem.eu\/the-new-umoma-opens-its-doors-2\/"},"modified":"2022-07-03T18:29:21","modified_gmt":"2022-07-03T17:29:21","slug":"the-new-umoma-opens-its-doors-2","status":"publish","type":"page","link":"https:\/\/sys-stem.eu\/pt-pt\/","title":{"rendered":"Bem-vindo ao SYS-STEM"},"content":{"rendered":"\n<p class=\"has-normal-font-size\">O Arduino SYS-STEM para Escolas tem como objetivo fornecer aos professores de estudantes entre os 14 e os 18 anos de idade materiais did\u00e1ticos de acesso aberto, de qualidade, prontos a serem utilizados em eletr\u00f3nica, tecnologia digital e STEM, com os quais poder\u00e3o realizar\u00e3o projetos &#8220;hands-on&#8221; em Arduino, atrav\u00e9s do acesso a ArdLABs remotos partilhados.<\/p>\n\n<div class=\"wp-block-columns alignwide\">\n<div class=\"wp-block-column\">\n<div class=\"wp-container-1 wp-block-group\"><div class=\"wp-block-group__inner-container\">\n<div class=\"wp-block-image\"><figure class=\"aligncenter size-large\"><a href=\"http:\/\/sys-stem.eu\/?page_id=7\"><img loading=\"lazy\" width=\"256\" height=\"256\" src=\"https:\/\/sys-stem.eu\/wp-content\/uploads\/2020\/02\/info-256.png\" alt=\"\" class=\"wp-image-243\" srcset=\"https:\/\/sys-stem.eu\/wp-content\/uploads\/2020\/02\/info-256.png 256w, https:\/\/sys-stem.eu\/wp-content\/uploads\/2020\/02\/info-256-150x150.png 150w\" sizes=\"(max-width: 256px) 100vw, 256px\" \/><\/a><\/figure><\/div>\n\n\n\n<h3><a href=\"https:\/\/sys-stem.eu\/pt-pt\/about\/\">Mais sobre o projeto<\/a><\/h3>\n\n\n\n<p>Descubra o que \u00e9 SYS-STEM, juntamente com os seus objetivos e grupos-alvo<\/p>\n<\/div><\/div>\n\n\n\n<div class=\"wp-container-2 wp-block-group\"><div class=\"wp-block-group__inner-container\">\n<div class=\"wp-block-image\"><figure class=\"aligncenter size-large\"><a href=\"http:\/\/sys-stem.eu\/?page_id=50\"><img loading=\"lazy\" width=\"256\" height=\"256\" src=\"https:\/\/sys-stem.eu\/wp-content\/uploads\/2020\/02\/planner-256.png\" alt=\"\" class=\"wp-image-251\" srcset=\"https:\/\/sys-stem.eu\/wp-content\/uploads\/2020\/02\/planner-256.png 256w, https:\/\/sys-stem.eu\/wp-content\/uploads\/2020\/02\/planner-256-150x150.png 150w\" sizes=\"(max-width: 256px) 100vw, 256px\" \/><\/a><\/figure><\/div>\n\n\n\n<h3><a href=\"https:\/\/sys-stem.eu\/pt-pt\/ardlab-hub\/\"> SYS-STEM ArdLAB Hub <\/a><\/h3>\n\n\n\n<p>Aplica\u00e7\u00e3o online que centraliza e organiza as reservas de hor\u00e1rios para o parceiro de projeto (e futuro participante) ArdLABs. <\/p>\n<\/div><\/div>\n<\/div>\n\n\n\n<div class=\"wp-block-column\">\n<div class=\"wp-container-3 wp-block-group\"><div class=\"wp-block-group__inner-container\">\n<div class=\"wp-block-image\"><figure class=\"aligncenter size-large\"><a href=\"http:\/\/sys-stem.eu\/?page_id=46\"><img loading=\"lazy\" width=\"256\" height=\"256\" src=\"https:\/\/sys-stem.eu\/wp-content\/uploads\/2020\/02\/services-256.png\" alt=\"\" class=\"wp-image-247\" srcset=\"https:\/\/sys-stem.eu\/wp-content\/uploads\/2020\/02\/services-256.png 256w, https:\/\/sys-stem.eu\/wp-content\/uploads\/2020\/02\/services-256-150x150.png 150w\" sizes=\"(max-width: 256px) 100vw, 256px\" \/><\/a><\/figure><\/div>\n\n\n\n<h3><a href=\"https:\/\/sys-stem.eu\/pt-pt\/methodology\/\"> Metodologia SYS-STEM <\/a><\/h3>\n\n\n\n<p>Um pacote de materiais e projetos espec\u00edficos em Arduino, para professores e alunos dos 14 aos 18 anos. <\/p>\n<\/div><\/div>\n\n\n\n<div class=\"wp-container-4 wp-block-group\"><div class=\"wp-block-group__inner-container\">\n<div class=\"wp-block-image\"><figure class=\"aligncenter size-large\"><a href=\"http:\/\/sys-stem.eu\/?page_id=35\"><img loading=\"lazy\" width=\"256\" height=\"256\" src=\"https:\/\/sys-stem.eu\/wp-content\/uploads\/2020\/02\/group-256.png\" alt=\"\" class=\"wp-image-255\" srcset=\"https:\/\/sys-stem.eu\/wp-content\/uploads\/2020\/02\/group-256.png 256w, https:\/\/sys-stem.eu\/wp-content\/uploads\/2020\/02\/group-256-150x150.png 150w\" sizes=\"(max-width: 256px) 100vw, 256px\" \/><\/a><\/figure><\/div>\n\n\n\n<h3><a href=\"https:\/\/sys-stem.eu\/pt-pt\/partners\/\">Parceiros<\/a><\/h3>\n\n\n\n<p>Saiba mais sobre as institui\u00e7\u00f5es por tr\u00e1s do projeto.<\/p>\n<\/div><\/div>\n<\/div>\n<\/div>\n\n<p><\/p>\n","protected":false},"excerpt":{"rendered":"<p>O Arduino SYS-STEM para Escolas tem como objetivo fornecer aos professores de estudantes entre os 14 e os 18 anos de idade materiais did\u00e1ticos de acesso aberto, de qualidade, prontos a serem utilizados em eletr\u00f3nica, tecnologia digital e STEM, com os quais poder\u00e3o realizar\u00e3o projetos &#8220;hands-on&#8221; em Arduino, atrav\u00e9s do acesso a ArdLABs remotos partilhados. [&hellip;]<\/p>\n","protected":false},"author":1,"featured_media":0,"parent":0,"menu_order":0,"comment_status":"closed","ping_status":"closed","template":"","meta":[],"_links":{"self":[{"href":"https:\/\/sys-stem.eu\/pt-pt\/wp-json\/wp\/v2\/pages\/621"}],"collection":[{"href":"https:\/\/sys-stem.eu\/pt-pt\/wp-json\/wp\/v2\/pages"}],"about":[{"href":"https:\/\/sys-stem.eu\/pt-pt\/wp-json\/wp\/v2\/types\/page"}],"author":[{"embeddable":true,"href":"https:\/\/sys-stem.eu\/pt-pt\/wp-json\/wp\/v2\/users\/1"}],"replies":[{"embeddable":true,"href":"https:\/\/sys-stem.eu\/pt-pt\/wp-json\/wp\/v2\/comments?post=621"}],"version-history":[{"count":4,"href":"https:\/\/sys-stem.eu\/pt-pt\/wp-json\/wp\/v2\/pages\/621\/revisions"}],"predecessor-version":[{"id":683,"href":"https:\/\/sys-stem.eu\/pt-pt\/wp-json\/wp\/v2\/pages\/621\/revisions\/683"}],"wp:attachment":[{"href":"https:\/\/sys-stem.eu\/pt-pt\/wp-json\/wp\/v2\/media?parent=621"}],"curies":[{"name":"wp","href":"https:\/\/api.w.org\/{rel}","templated":true}]}}